{"id":1272,"date":"2018-01-28T19:13:45","date_gmt":"2018-01-28T17:13:45","guid":{"rendered":"http:\/\/ferienwohnungen-deidesheim.de\/?page_id=1272"},"modified":"2019-09-26T12:52:39","modified_gmt":"2019-09-26T10:52:39","slug":"aktivitaeten","status":"publish","type":"page","link":"https:\/\/ferienwohnungen-deidesheim.de\/en\/aktivitaeten\/","title":{"rendered":"Activities"},"content":{"rendered":"<p>&nbsp;<\/p>\n<div class=\"col-md-12\">\n<p style=\"font-family: tangerine; text-align: center; font-size: 46px; color: #65b32e; font-weight: bolt;\"><strong>C y c l i n g<\/strong><\/p>\n<\/div>\n<div class=\"row\">\n<div class=\"col-sm-3\">\n&nbsp;<br \/>\n<img loading=\"lazy\" decoding=\"async\" class=\"aligncenter wp-image-1218\" src=\"\/wp-content\/uploads\/2018\/01\/radfahren1.jpg\" alt=\"\" width=\"240\" height=\"240\" \/>\n<\/div>\n<div class=\"col-sm-9\">\n&nbsp;<br \/>\n<strong>For those who love their bike<\/strong><br \/>\nThe routes through the beautiful landscape are diverse. Due to the mild climate in the sunny southwest, the bike season goes from spring to autumn. From Deidesheim you can cycle along the German Wine Route (symbol green grape and green bicycle on a white background) both in northern and southern direction through the largest contiguous wine-growing region in Germany. If you enjoy cycling and enjoy a more leisurely pace, follow the turnip on the cabbage and turnip bike path, which promises enjoyment for all senses, such as fresh vegetables, fresh fruit, also in burnt form, as a brandy or liqueur.<br \/>\nIn the cathedral city of Speyer you can cycle on the \u201cSalierradweg\u201d through the Rhine valley. But not only the range is right, the conditions for cyclists suburb are also excellent. Both local bike rental and minor repairs are no problem. <a href=\"http:\/\/www.palatinamobil.de\" target=\"_blank\" rel=\"noopener\">(<strong> Fahrradverleih Deidesheim<\/strong> )<\/a><br \/>\n&nbsp;\n<\/div>\n<\/div>\n<div class=\"col-md-12\">\n<p style=\"font-family: tangerine; text-align: center; font-size: 46px; color: #65b32e; font-weight: bolt;\"><strong>H i k i n g<\/strong><\/p>\n<\/div>\n<div class=\"row\">\n<div class=\"col-sm-3\">\n&nbsp;<br \/>\n<img loading=\"lazy\" decoding=\"async\" class=\"aligncenter wp-image-1218\" src=\"\/wp-content\/uploads\/2018\/01\/wandern1.jpg\" alt=\"\" width=\"240\" height=\"240\" \/>\n<\/div>\n<div class=\"col-sm-9\">\n&nbsp;<br \/>\n<strong>For hikers and scouts who love the enjoyment<\/strong><br \/>\nDeidesheim is the ideal starting point for hikes in all seasons through the vineyards and the Palatinate Forest with a variety of marked trails for hikers as well as for nordic walkers. The managed forest huts invite you to stop off for a short walk through the vineyards or for a hike lasting several hours.<br \/>\nFantastic views and historic places with many half-timbered houses and medieval castle ruins offers the hiking trail \u201cPf\u00e4lzer Weinsteig\u201d.<br \/>\nThe trail German Wine Route (symbol green grape on a white background) offers a magnificent panoramic view of the Rhine valley. In the spring you can marvel at pink flowering clouds and blooming almond trees along the way.<br \/>\nThe healthy climate of the vineyards and 90 km of signposted routes of various difficulty levels in the holiday region Deidesheim are ideal conditions for Nordic Walking.<br \/>\n&nbsp;<br \/>\n&nbsp;\n<\/div>\n<\/div>\n<div class=\"col-md-12\">\n<p style=\"font-family: tangerine; text-align: center; font-size: 46px; color: #65b32e; font-weight: bolt;\"><strong>A l l a &nbsp;&nbsp;H o p p<\/strong><\/p>\n<\/div>\n<div class=\"row\">\n<div class=\"col-sm-3\">\n&nbsp;<br \/>\n<img loading=\"lazy\" decoding=\"async\" class=\"aligncenter wp-image-1218\" src=\"\/wp-content\/uploads\/2018\/01\/allahopp1.jpg\" alt=\"\" width=\"240\" height=\"240\" \/><\/div>\n<div class=\"col-sm-9\">\n&nbsp;<br \/>\n<strong>The movement and meeting facility comprises four areas.<\/strong><br \/>\nAll generations can strengthen agility, coordination, stamina and strength in the movement course for everyone with selected equipment.<br \/>\nFor the youngest (about 0 - 6 years) there is room for every kind of weather.<br \/>\nSchoolchildren (about 6 - 12 years) will love the natural play and exercise area.<br \/>\nIn this place, the snail is integrated as the special element for Deidesheim.<br \/>\nEven for young athletes there is an area for skating and chilling.<br \/>\nThe entire system can be used free of charge at any time.<br \/>\n&nbsp;\n<\/div>\n<\/div>\n<div class=\"col-md-12\">\n<p style=\"font-family: tangerine; text-align: center; font-size: 46px; color: #65b32e; font-weight: bolt;\"><strong>S w i m m i n g<\/strong><\/p>\n<\/div>\n<div class=\"row\">\n<div class=\"col-sm-3\">\n&nbsp;<br \/>\n<img loading=\"lazy\" decoding=\"async\" class=\"aligncenter wp-image-1218\" src=\"\/wp-content\/uploads\/2018\/01\/schwimmbad1.jpg\" alt=\"\" width=\"240\" height=\"240\" \/><\/div>\n<div class=\"col-sm-9\">\n&nbsp;<br \/>\n<strong>Heated outdoor pool \u201eOasis in the Garden of Paradise\u201c<\/strong><br \/>\nLocated in the middle of the vineyards, the swimming pool invites you for refreshment.<br \/>\nThere are 5 lanes in the 25 m pool for sporty swimmers available.<br \/>\nThere is also a separate non-swimmer pool.<br \/>\nFor the little visitors of the pool the lifeguard holds all sorts of bath toys ready for free use.<br \/>\nIn the separate baby paddling pool, even the youngest in the heated water have fun.<br \/>\nAlso on the pool area guarantee beach volleyball and beach soccer field, boules court, adventure playground, table tennis u. v. m. diverse leisure activities a high fun factor.<br \/>\nThe small restaurant rounds off the experience in the outdoor pool \u201eOase im Paradiesgarten\u201c with its summer-related drinks and ice cream specialties.<br \/>\n&nbsp;\n<\/div>\n<\/div>\n<div class=\"col-md-12\">\n<p style=\"font-family: tangerine; text-align: center; font-size: 46px; color: #65b32e; font-weight: bolt;\"><strong>E x p e r i e n c e g a r d e n<\/strong><\/p>\n<\/div>\n<div class=\"row\">\n<div class=\"col-sm-3\">\n&nbsp;<br \/>\n<img loading=\"lazy\" decoding=\"async\" class=\"aligncenter wp-image-1218\" src=\"\/wp-content\/uploads\/2018\/01\/erlebnisgarten1.jpg\" alt=\"\" width=\"240\" height=\"240\" \/><\/div>\n<div class=\"col-sm-9\">\n&nbsp;<br \/>\n<strong>Recreation and adventure area in the heart of Deidesheim<\/strong><br \/>\nThe newly designed part of the palace grounds can be reached via Prinz-Rupprecht-Stra\u00dfe.<br \/>\nEr ist Teil von <a href=\"http:\/\/www.citta-slow.de\" target=\"_blank\"><strong>Cittaslow<\/strong><\/a>, dem internationalen Markenzeichen f\u00fcr St\u00e4dte und Gemeinden, die sich um eine h\u00f6chstm\u00f6gliche Lebensqualit\u00e4t f\u00fcr ihre B\u00fcrger, Unternehmer und G\u00e4ste bem\u00fchen.<br \/>\nCore elements are a 9-hole adventure golf course, a boule court, a Kneipp armpit, a sensory course, a water play area, various climbing and sound areas, a giant sequoia tree and a service center with kiosk and barrier-free toilet facility.<br \/>\nAn 18 meter long \u201etree snake\u201c invites to balance exercises. Inverted world reigns with two trees, their roots in the air, while the trunk is in the ground. Obstacles from regional basalt rock, sandstone or wood from the \u201cPf\u00e4lzerwald Biosphere Reserve\u201d can also be found on the adventure golf course.<br \/>\nIn general, great importance was placed on the use of regional materials in the design of the entire facility.\n<\/div>\n<\/div>","protected":false},"excerpt":{"rendered":"<p>&nbsp; R a d f a h r e n &nbsp; &nbsp; F\u00fcr diejenigen die ihren Drahtesel lieben Die Strecken durch die sch\u00f6ne Landschaft sind vielf\u00e4ltig. Durch das milde Klima im sonnigen S\u00fcdwesten geht die Rad-Saison vom Fr\u00fchling bis in<\/p>","protected":false},"author":2,"featured_media":0,"parent":0,"menu_order":0,"comment_status":"closed","ping_status":"closed","template":"","meta":{"footnotes":""},"class_list":["post-1272","page","type-page","status-publish","hentry"],"aioseo_notices":[],"_links":{"self":[{"href":"https:\/\/ferienwohnungen-deidesheim.de\/en\/wp-json\/wp\/v2\/pages\/1272","targetHints":{"allow":["GET"]}}],"collection":[{"href":"https:\/\/ferienwohnungen-deidesheim.de\/en\/wp-json\/wp\/v2\/pages"}],"about":[{"href":"https:\/\/ferienwohnungen-deidesheim.de\/en\/wp-json\/wp\/v2\/types\/page"}],"author":[{"embeddable":true,"href":"https:\/\/ferienwohnungen-deidesheim.de\/en\/wp-json\/wp\/v2\/users\/2"}],"replies":[{"embeddable":true,"href":"https:\/\/ferienwohnungen-deidesheim.de\/en\/wp-json\/wp\/v2\/comments?post=1272"}],"version-history":[{"count":74,"href":"https:\/\/ferienwohnungen-deidesheim.de\/en\/wp-json\/wp\/v2\/pages\/1272\/revisions"}],"predecessor-version":[{"id":2157,"href":"https:\/\/ferienwohnungen-deidesheim.de\/en\/wp-json\/wp\/v2\/pages\/1272\/revisions\/2157"}],"wp:attachment":[{"href":"https:\/\/ferienwohnungen-deidesheim.de\/en\/wp-json\/wp\/v2\/media?parent=1272"}],"curies":[{"name":"wp","href":"https:\/\/api.w.org\/{rel}","templated":true}]}}