{"id":1348,"date":"2018-01-28T20:56:23","date_gmt":"2018-01-28T18:56:23","guid":{"rendered":"http:\/\/ferienwohnungen-deidesheim.de\/?page_id=1348"},"modified":"2023-11-22T15:17:17","modified_gmt":"2023-11-22T13:17:17","slug":"umgebung","status":"publish","type":"page","link":"https:\/\/ferienwohnungen-deidesheim.de\/en\/umgebung\/","title":{"rendered":"Surroundings"},"content":{"rendered":"<div class=\"row\">\n<div class=\"col-md-6\">\n<p style=\"font-family: tangerine; font-size: 46px; color: #65b32e; font-weight: bold;\">Freinsheim<\/p>\n<p><a href=\"https:\/\/www.spielzeugmuseum-freinsheim.de\"> &#8211; <strong> Spielzeugmuseum <br \/><\/strong><\/a><br \/>\n<\/p>\n<p style=\"font-family: tangerine; font-size: 46px; color: #65b32e; font-weight: bold;\">Bad D\u00fcrkheim<\/p>\n<p><a href=\"https:\/\/www.salinarium.de\"> &#8211; <strong> Salinarium, Hallen- und Freibad <\/strong><\/a><br \/>\n<a href=\"https:\/\/www.pfalzmuseum.de\"> &#8211; <strong> Pfalzmuseum f\u00fcr Naturkunde <\/strong><\/a><br \/>\n<a href=\"https:\/\/www.schloss-hardenburg.de\"> &#8211; <strong> Burgruine Hardenburg <br \/><\/strong><\/a><br \/>\n<\/p>\n<p style=\"font-family: tangerine; font-size: 46px; color: #65b32e; font-weight: bold;\"><strong>Wachenheim<\/strong><\/p>\n<p><a href=\"https:\/\/www.kurpfalz-park.de\"> &#8211; <strong> Kurpfalz Park, Wild- und Erlebnispark <br \/><\/strong><\/a><br \/>\n<\/p>\n<p style=\"font-family: tangerine; font-size: 46px; color: #65b32e; font-weight: bold;\"><strong>Ha\u00dfloch<\/strong><\/p>\n<p><a href=\"https:\/\/www.badepark.de\"> &#8211; <strong> Badepark <\/strong><\/a><br \/>\n<a href=\"https:\/\/www.holidaypark.de\"> &#8211; <strong> Holiday Park <\/strong> <\/a><br \/>\n<a href=\"https:\/\/www.vogelpark-hassloch.de\"> &#8211; <strong> Vogelpark <br \/><\/strong><\/a><br \/>\n<\/p>\n<p style=\"font-family: tangerine; font-size: 46px; color: #65b32e; font-weight: bold;\"><strong>Neustadt a.d. Weinstra\u00dfe<\/strong><\/p>\n<p><a href=\"https:\/\/www.eisenbahnmuseum-neustadt.de\"> &#8211; <strong> Kuckucksb\u00e4hnel, Fahrten mit einer historischen Dampfeisenbahn <br \/><\/strong><\/a><br \/>\n<\/p>\n<p style=\"font-family: tangerine; font-size: 46px; color: #65b32e; font-weight: bold;\"><strong>Speyer<\/strong><\/p>\n<p><a href=\"https:\/\/www.sealife.de\"> &#8211; <strong> Sea Life <\/strong><\/a><br \/>\n<a href=\"https:\/\/www.technik-museum.de\"> &#8211; <strong> Technik Museum und IMAX-Dome <\/strong><\/a><br \/>\n<a href=\"https:\/\/www.kletterwald-speyer.de\"> &#8211; <strong> Kletterwald Speyer <br \/><\/strong><\/a><br \/>\n<\/p>\n<p style=\"font-family: tangerine; font-size: 46px; color: #65b32e; font-weight: bold;\"><strong>Kandel<\/strong><\/p>\n<p><a href=\"https:\/\/www.abenteuerpark-kandel.de\"> &#8211; <strong> Kletterpark Fun Forest <\/strong><\/a><\/p>\n<\/div>\n<div class=\"col-md-6\">\n<p style=\"font-family: tangerine; font-size: 46px; color: #65b32e; font-weight: bold;\"><strong>Landau<\/strong><\/p>\n<p><a href=\"https:\/\/www.reptilium.de\"> &#8211; <strong> Reptilium <\/strong><\/a><br \/>\n<a href=\"https:\/\/www.zoo-landau.de\"> &#8211; <strong> Zoo Landau <\/strong><\/a><br \/>\n<a href=\"https:\/\/www.tobolino.org\">&#8211; <strong> Tobolino, Landau-Offenbach <\/strong><\/a><br \/>\n<a href=\"https:\/\/www.fitzrocks.de\">&#8211; <strong> Fitz Rocks Kletterhalle <br \/><\/strong><\/a><br \/>\n<\/p>\n<p style=\"font-family: tangerine; font-size: 46px; color: #65b32e; font-weight: bold;\"><strong>Silz<\/strong><\/p>\n<p><a href=\"https:\/\/www.wildpark-silz.de\"> &#8211; <strong> Wild- und Wanderpark Silz <br \/><\/strong><\/a><br \/>\n<\/p>\n<p style=\"font-family: tangerine; font-size: 46px; color: #65b32e; font-weight: bold;\"><strong>Hauenstein<\/strong><\/p>\n<p><a href=\"https:\/\/www.museum-hauenstein.de\"> &#8211; <strong> Deut. Schuhmuseum <br \/><\/strong><\/a><br \/>\n<\/p>\n<p style=\"font-family: tangerine; font-size: 46px; color: #65b32e; font-weight: bold;\"><strong>Verbandsgemeinde Dahn<\/strong><\/p>\n<p><a href=\"https:\/\/www.burgberwartstein.de\"> &#8211; <strong> Burg Berwartstein, Dahn-Erlenbach <\/strong><\/a><br \/>\n<a href=\"https:\/\/www.biosphaerenhaus.de\"> &#8211; <strong> Biosph\u00e4renhaus Dahn-Fischbach <\/strong><\/a><br \/>\n<a href=\"https:\/\/www.baumwipfelpfad.de\"> &#8211; <strong> Baumwipfelpfad <br \/><\/strong><\/a><br \/>\n<\/p>\n<p style=\"font-family: tangerine; font-size: 46px; color: #65b32e; font-weight: bold;\"><strong>Pirmasens<\/strong><\/p>\n<p><a href=\"https:\/\/www.dynamikum.de\"> &#8211; <strong> Dynamikum Science Center <br \/><\/strong><\/a><br \/>\n<\/p>\n<p style=\"font-family: tangerine; font-size: 46px; color: #65b32e; font-weight: bold;\"><strong>Enkenbach-Alsenborn<\/strong><\/p>\n<p><a href=\"https:\/\/www.enkenbach-alsenborn.de\"> &#8211; <strong> Zirkusmuseum <br \/><\/strong><\/a><br \/>\n<\/p>\n<p style=\"font-family: tangerine; font-size: 46px; color: #65b32e; font-weight: bold;\"><strong>Kaiserslautern<\/strong><\/p>\n<p><a href=\"https:\/\/www.zoo-kl.de\">&#8211; <strong> Zoo Kaiserslautern-Siegelbach <br \/><\/strong><\/a><br \/>\n<\/p>\n<p style=\"font-family: tangerine; font-size: 46px; color: #65b32e; font-weight: bold;\"><strong>Dirmstein<\/strong><\/p>\n<p><a href=\"https:\/\/www.soccerpark-dirmstein.de\">&#8211; <strong> Soccerpark <\/strong><\/a><\/p>\n<\/div>\n<\/div>","protected":false},"excerpt":{"rendered":"<p>Freinsheim &#8211; Spielzeugmuseum Bad D\u00fcrkheim &#8211; Salinarium, Hallen- und Freibad &#8211; Pfalzmuseum f\u00fcr Naturkunde &#8211; Burgruine Hardenburg Wachenheim &#8211; Kurpfalz Park, Wild- und Erlebnispark Ha\u00dfloch &#8211; Badepark &#8211; Holiday Park &#8211; Vogelpark Neustadt a.d. Weinstra\u00dfe &#8211; Kuckucksb\u00e4hnel, Fahrten mit einer<\/p>","protected":false},"author":2,"featured_media":0,"parent":0,"menu_order":0,"comment_status":"closed","ping_status":"closed","template":"","meta":{"footnotes":""},"class_list":["post-1348","page","type-page","status-publish","hentry"],"aioseo_notices":[],"_links":{"self":[{"href":"https:\/\/ferienwohnungen-deidesheim.de\/en\/wp-json\/wp\/v2\/pages\/1348","targetHints":{"allow":["GET"]}}],"collection":[{"href":"https:\/\/ferienwohnungen-deidesheim.de\/en\/wp-json\/wp\/v2\/pages"}],"about":[{"href":"https:\/\/ferienwohnungen-deidesheim.de\/en\/wp-json\/wp\/v2\/types\/page"}],"author":[{"embeddable":true,"href":"https:\/\/ferienwohnungen-deidesheim.de\/en\/wp-json\/wp\/v2\/users\/2"}],"replies":[{"embeddable":true,"href":"https:\/\/ferienwohnungen-deidesheim.de\/en\/wp-json\/wp\/v2\/comments?post=1348"}],"version-history":[{"count":35,"href":"https:\/\/ferienwohnungen-deidesheim.de\/en\/wp-json\/wp\/v2\/pages\/1348\/revisions"}],"predecessor-version":[{"id":2936,"href":"https:\/\/ferienwohnungen-deidesheim.de\/en\/wp-json\/wp\/v2\/pages\/1348\/revisions\/2936"}],"wp:attachment":[{"href":"https:\/\/ferienwohnungen-deidesheim.de\/en\/wp-json\/wp\/v2\/media?parent=1348"}],"curies":[{"name":"wp","href":"https:\/\/api.w.org\/{rel}","templated":true}]}}