{"id":2220,"date":"2020-07-13T13:19:48","date_gmt":"2020-07-13T11:19:48","guid":{"rendered":"https:\/\/ferienwohnungen-deidesheim.de\/?page_id=2220"},"modified":"2024-06-21T14:11:57","modified_gmt":"2024-06-21T12:11:57","slug":"wohnung-p10-leinhoehle","status":"publish","type":"page","link":"https:\/\/ferienwohnungen-deidesheim.de\/en\/wohnung-p10-leinhoehle\/","title":{"rendered":"P10 &#8211; Leinh\u00f6hle"},"content":{"rendered":"<h2>kompakte 1\u00a0Zimmer Wohnung im 1.OG mit Balkon zum Kurpark<\/h2>\n<div class=\"row\">\n<div class=\"col-md-6\">\n\t\t<div class=\"dimage-360-area\" id=\"dtcontainer_1\"><\/div>\r\n\t\t<script>\r\n\t\tvar div = document.getElementById('dtcontainer_1');\r\n\t\tvar PSV = new PhotoSphereViewer({\r\n\t\t\t\tpanorama: 'https:\/\/ferienwohnungen-deidesheim.de\/wp-content\/uploads\/2020\/10\/D10-Essbereich-scaled.jpg',\r\n\t\t\t\tcontainer: div,\r\n\t\t\t\tdefault_position: {long: 0\/60},\r\n\t\t\t\ttime_anim: 1000,\r\n\t\t\t\tnavbar: true,\r\n\t\t\t\tallow_scroll_to_zoom: false,\r\n\t\t\t\tzoom_level: 0,\r\n\t\t\t\tanim_speed: '2rpm',\r\n\t\t\t\tnavbar_style: {\r\n\t\t\t\t\tbackgroundColor: 'rgba(58, 67, 77, 0.7)'\r\n\t\t\t\t},\t\t\r\n\t\t\t});\r\n\t\t<\/script>   \r\n\t\t\n<p style=\"text-align: center;\">Wohnraum (360\u00b0 Ansicht)<\/p>\n<\/div>\n<div class=\"col-md-6\">\n\t\t<div class=\"dimage-360-area\" id=\"dtcontainer_2\"><\/div>\r\n\t\t<script>\r\n\t\tvar div = document.getElementById('dtcontainer_2');\r\n\t\tvar PSV = new PhotoSphereViewer({\r\n\t\t\t\tpanorama: 'https:\/\/ferienwohnungen-deidesheim.de\/wp-content\/uploads\/2020\/10\/D10-Balkon-scaled.jpg',\r\n\t\t\t\tcontainer: div,\r\n\t\t\t\tdefault_position: {long: 0\/60},\r\n\t\t\t\ttime_anim: 1000,\r\n\t\t\t\tnavbar: true,\r\n\t\t\t\tallow_scroll_to_zoom: false,\r\n\t\t\t\tzoom_level: 0,\r\n\t\t\t\tanim_speed: '2rpm',\r\n\t\t\t\tnavbar_style: {\r\n\t\t\t\t\tbackgroundColor: 'rgba(58, 67, 77, 0.7)'\r\n\t\t\t\t},\t\t\r\n\t\t\t});\r\n\t\t<\/script>   \r\n\t\t\n<p style=\"text-align: center;\">Balkon (360\u00b0 Ansicht)<\/p>\n<\/div>\n<div class=\"col-md-12\">\n<p style=\"text-align: center;\"><a style=\"color: #65b32e;\" href=\"https:\/\/ferienwohnungen-deidesheim.de\/wohnung-p10-leinhoehle-360\" target=\"_blank\" rel=\"noopener noreferrer\"><strong>Hier geht&#8217;s zur 360\u00b0 Galerie<\/strong><\/a><\/p>\n<\/div>\n<div class=\"col-md-6\">\n<p>Diese kleine aber feine 1-Zimmer Wohnung im 1. Obergescho\u00df der Kurpark-Residenz ist ausgestattet mit einer kompakten K\u00fcchenzeile inklusive K\u00fchlschrank und 2 Herdplatten, einem Esstisch, 2 Sesseln, einem modernen Dusch-Bad und einem gro\u00dfen Doppelbett.<\/p>\n<p>Sie verf\u00fcgt \u00fcber einen eigene Balkon, der mit einem herrlichen Blick in den ruhigen Kurpark zum Verweilen und Sonnen einl\u00e4dt.<\/p>\n<p>Durch die gro\u00dfe Fensterfront ist der Wohnbereich sch\u00f6n hell. \u00dcber Verdunkelungsvorh\u00e4nge l\u00e4sst sich die Helligkeit f\u00fcr die Nachtruhe ganz nach Wunsch regulieren.<\/p>\n<p>Im Flur befindet sich ein gro\u00dfer Einbauschrank, der f\u00fcr gen\u00fcgend Stauraum sorgt.<\/p>\n<p>Zu weiteren Ausstattung der Wohnung geh\u00f6ren ein Fernseher, eine Kaffeemaschine, ein Wasserkocher und ein F\u00f6hn.<\/p>\n<\/div>\n<div class=\"col-md-6\">\n\r\n\t\t\t\t\t\n\r\n\t\t\t\t\t<!-- START UNITE GALLERY 1.7.62 -->\r\n\t\t\t\t\t\r\n\t\t\t\t\n\t\t\t<div id='unitegallery_10_1' class='unite-gallery' style='margin:0px auto;'>\n\t\t\t\t\n\n\t\t\t\t\t\t<img alt=\"P10 - 01 - Wohnbereich\"\n\t\t\t\t\t\t     src=\"\" data-image=\"https:\/\/ferienwohnungen-deidesheim.de\/wp-content\/uploads\/2023\/09\/P10-01-Wohnbereich.jpg\"\n\t\t\t\t\t\t     data-thumb=\"https:\/\/ferienwohnungen-deidesheim.de\/wp-content\/uploads\/2023\/09\/P10-01-Wohnbereich-300x200.jpg\"\n\t\t\t\t\t\t     title=\"\"\n\t\t\t\t\t\t     style=\"display:none\">\n\n\t\t\t\t\t\t<img alt=\"P10 - 02 - Schlafbereich\"\n\t\t\t\t\t\t     src=\"\" data-image=\"https:\/\/ferienwohnungen-deidesheim.de\/wp-content\/uploads\/2023\/09\/P10-02-Schlafbereich.jpg\"\n\t\t\t\t\t\t     data-thumb=\"https:\/\/ferienwohnungen-deidesheim.de\/wp-content\/uploads\/2023\/09\/P10-02-Schlafbereich-300x200.jpg\"\n\t\t\t\t\t\t     title=\"\"\n\t\t\t\t\t\t     style=\"display:none\">\n\n\t\t\t\t\t\t<img alt=\"P10 - 03 - Wohn- &amp; Schlafbereich\"\n\t\t\t\t\t\t     src=\"\" data-image=\"https:\/\/ferienwohnungen-deidesheim.de\/wp-content\/uploads\/2023\/09\/P10-03-Wohn-Schlafbereich.jpg\"\n\t\t\t\t\t\t     data-thumb=\"https:\/\/ferienwohnungen-deidesheim.de\/wp-content\/uploads\/2023\/09\/P10-03-Wohn-Schlafbereich-300x200.jpg\"\n\t\t\t\t\t\t     title=\"\"\n\t\t\t\t\t\t     style=\"display:none\">\n\n\t\t\t\t\t\t<img alt=\"P10 - 04 - Essplatz\"\n\t\t\t\t\t\t     src=\"\" data-image=\"https:\/\/ferienwohnungen-deidesheim.de\/wp-content\/uploads\/2023\/09\/P10-04-Essplatz.jpg\"\n\t\t\t\t\t\t     data-thumb=\"https:\/\/ferienwohnungen-deidesheim.de\/wp-content\/uploads\/2023\/09\/P10-04-Essplatz-300x200.jpg\"\n\t\t\t\t\t\t     title=\"\"\n\t\t\t\t\t\t     style=\"display:none\">\n\n\t\t\t\t\t\t<img alt=\"P10 - 05 - Bad\"\n\t\t\t\t\t\t     src=\"\" data-image=\"https:\/\/ferienwohnungen-deidesheim.de\/wp-content\/uploads\/2023\/09\/P10-05-Bad.jpg\"\n\t\t\t\t\t\t     data-thumb=\"https:\/\/ferienwohnungen-deidesheim.de\/wp-content\/uploads\/2023\/09\/P10-05-Bad-300x200.jpg\"\n\t\t\t\t\t\t     title=\"\"\n\t\t\t\t\t\t     style=\"display:none\">\n\n\t\t\t\t\t\t<img alt=\"P10 - 06 - Balkon\"\n\t\t\t\t\t\t     src=\"\" data-image=\"https:\/\/ferienwohnungen-deidesheim.de\/wp-content\/uploads\/2023\/09\/P10-06-Balkon.jpg\"\n\t\t\t\t\t\t     data-thumb=\"https:\/\/ferienwohnungen-deidesheim.de\/wp-content\/uploads\/2023\/09\/P10-06-Balkon-300x200.jpg\"\n\t\t\t\t\t\t     title=\"\"\n\t\t\t\t\t\t     style=\"display:none\">\n\n\t\t\t\t\t\t<img alt=\"P10 - 07 - Aussicht\"\n\t\t\t\t\t\t     src=\"\" data-image=\"https:\/\/ferienwohnungen-deidesheim.de\/wp-content\/uploads\/2023\/09\/P10-07-Aussicht.jpg\"\n\t\t\t\t\t\t     data-thumb=\"https:\/\/ferienwohnungen-deidesheim.de\/wp-content\/uploads\/2023\/09\/P10-07-Aussicht-300x200.jpg\"\n\t\t\t\t\t\t     title=\"\"\n\t\t\t\t\t\t     style=\"display:none\">\n\n\t\t\t\t\t\t<img alt=\"P10 - 08 - Details Sessel\"\n\t\t\t\t\t\t     src=\"\" data-image=\"https:\/\/ferienwohnungen-deidesheim.de\/wp-content\/uploads\/2023\/09\/P10-08-Details-Sessel.jpg\"\n\t\t\t\t\t\t     data-thumb=\"https:\/\/ferienwohnungen-deidesheim.de\/wp-content\/uploads\/2023\/09\/P10-08-Details-Sessel-300x200.jpg\"\n\t\t\t\t\t\t     title=\"\"\n\t\t\t\t\t\t     style=\"display:none\">\n\n\t\t\t\t\t\t<img alt=\"P10 - 09 - Details Bett\"\n\t\t\t\t\t\t     src=\"\" data-image=\"https:\/\/ferienwohnungen-deidesheim.de\/wp-content\/uploads\/2023\/09\/P10-09-Details-Bett.jpg\"\n\t\t\t\t\t\t     data-thumb=\"https:\/\/ferienwohnungen-deidesheim.de\/wp-content\/uploads\/2023\/09\/P10-09-Details-Bett-200x300.jpg\"\n\t\t\t\t\t\t     title=\"\"\n\t\t\t\t\t\t     style=\"display:none\">\n\t\t\t<\/div>\n\n\t\t\t<script type='text\/javascript'>\n\t\t\t\twindow.onload = function(e) {\n\t\t\t\t\tif(typeof ugCheckForErrors == \"undefined\"){\n\t\t\t\t\t\tdocument.getElementById(\"unitegallery_10_1\").innerHTML = \"<span style='color:red'>Unite Gallery Error - gallery js and css files not included in the footer. Please make sure that wp_footer() function is added to your theme.<\/span>\";}\n\t\t\t\t\telse{ ugCheckForErrors(\"unitegallery_10_1\", \"jquery\");}\n\t\t\t\t};\n\t\t\t<\/script>\n\n\t\t\t<!-- END UNITEGALLERY -->\n<\/div>\n<p>&nbsp;<\/p>\n<div class=\"row\">\n<div class=\"col-md-6\">\n<h3>Grundriss<\/h3>\n<p><img loading=\"lazy\" decoding=\"async\" class=\"aligncenter size-full wp-image-915\" src=\"https:\/\/ferienwohnungen-deidesheim.de\/wp-content\/uploads\/2024\/06\/P10-Grundriss.jpg\" alt=\"\" width=\"2048\" height=\"1536\" \/><\/p>\n<h3>Weinlage &#8211; Leinh\u00f6hle<\/h3>\n<p>Der Name weist auf ehemaligen Flachsanbau hin. Leinh\u00f6hle bedeutet soviel wie &#8222;Flachsfeld auf einem Abhang&#8220;.<br \/>\nDie ausgesprochen sonnenexponierte Lage und die leichten B\u00f6den bringen sehr duftige Weine (Pfirsich, Aprikose) mit ausgewogener und reifer S\u00e4ure. Die feinduftigen zarten Weine eignen sich hervorragend f\u00fcr den Ausbau zu halbtrockenen Weinen mit dezenter Fruchts\u00fc\u00dfe oder kraftvollen, trockenen Weinen.<\/p>\n<h3>Aktuelle Belegung<\/h3>\n<div id=\"smoobuApartment482703de\" class=\"calendarWidget\">\n<div class=\"calendarContent\" data-load-calendar-url=\"https:\/\/login.smoobu.com\/de\/cockpit\/widget\/single-calendar\/482703\" data-verification=\"489a13ca97484266d35cb3f5503b7453eb4258a68684dbd070f582068c1ae7eb\" data-baseUrl=\"https:\/\/login.smoobu.com\" data-disable-css=\"false\" ><\/div>\n<p> <script type=\"text\/javascript\" src=\"https:\/\/login.smoobu.com\/js\/Apartment\/CalendarWidget.js\"><\/script><\/div>\n<h3>Facts<\/h3>\n<ul>\n<li>kompakte 1 Zimmer-Wohnung im 1.OG<\/li>\n<li>Wohnfl\u00e4che ca. 26 m\u00b2<\/li>\n<li>Balkon<\/li>\n<li>1x Stellplatz<\/li>\n<li>Entfernungen\n<ul>\n<li>Supermarkt (Wasgau) 300 m<\/li>\n<li>Stadthalle mit Theater und Caf\u00e9 350 m<\/li>\n<li>Bahnhof Deidesheim 500 m<\/li>\n<li>Gemeindeverwaltung Deidesheim 500 m<\/li>\n<\/ul>\n<\/li>\n<\/ul>\n<h3>Ausstattung<\/h3>\n<ul>\n<li>Schlafbereich\n<ul>\n<li>Bett 180 x 200<\/li>\n<\/ul>\n<\/li>\n<li>Wohnbereich\n<ul>\n<li>gro\u00dfer TV (HD-Flatscreen)<\/li>\n<\/ul>\n<\/li>\n<li>Koch- &amp; Essbereich\n<ul>\n<li>Kochfeld<\/li>\n<li>K\u00fchlschrank mit Eisfach<\/li>\n<li>Kaffeemaschine<\/li>\n<li>Wasserkocher<\/li>\n<li>Toaster<\/li>\n<li>Kochutensilien<\/li>\n<li>Gl\u00e4ser, Geschirr + Besteck<\/li>\n<\/ul>\n<\/li>\n<li>Balkon\n<ul>\n<li>2x St\u00fchle<\/li>\n<li>Tisch<\/li>\n<\/ul>\n<\/li>\n<li>Bad\n<ul>\n<li>Dusche<\/li>\n<li>WC<\/li>\n<li>F\u00f6hn<\/li>\n<\/ul>\n<\/li>\n<\/ul>\n<h3>Preise<\/h3>\n<p>Folgende Leistungen sind bei uns kostenlos:<\/p>\n<p>&#8211; inkl. WLAN<br \/>\n&#8211; inkl. Stellplatz<br \/>\n&#8211; inkl. Bettzeug<br \/>\n&#8211; inkl. Handt\u00fccher<\/p>\n<p>zzgl. 1x Endreinigung *:\u00a0\u00a0\u00a0\u00a0\u00a0\u00a0\u00a0\u00a0<strong>60 \u20ac<\/strong><\/p>\n<div style=\"text-align: left; font-size: 10px;\">* Sollten Sie die Endreinigung selbst \u00fcbernehmen wollen sowie eigene Bettw\u00e4sche und Handt\u00fccher nutzen, fallen die Endreinigungs-Kosten nicht f\u00fcr Sie an.<\/div>\n<p>&nbsp;<br \/>\nUnsere Wohnungen sind f\u00fcr 2 Erwachsene ausgelegt.<br \/>\nEs besteht die M\u00f6glichkeit zus\u00e4tzliche Betten einzustellen.<br \/>\nF\u00fcr jeden weiteren \u00dcbernachtungsgast berechnen wir 20 \u20ac pro Nacht.<\/p>\n<p><strong>Hinweis<\/strong><br \/>\nDie Stadt Deidesheim erhebt seit 01.03.2023 einen<br \/>\n<strong>G\u00e4stebeitrag in H\u00f6he von 2,50 \u20ac pro Person pro \u00dcbernachtung.<\/strong><br \/>\nDer Gastgeber ist verpflichtet diesen zu kassieren und an die Stadt Deidesheim abzuf\u00fchren.<\/p>\n<p><strong>L\u00e4nger bleiben lohnt sich<\/strong><br \/>\nSparen Sie 3 &#8211; 14 % auf den jeweiligen \u00dcbernachtungspreis f\u00fcr 3 &#8211; 14 \u00dcbernachtungen!<br \/>\n<img decoding=\"async\" class src=\"https:\/\/ferienwohnungen-deidesheim.de\/wp-content\/uploads\/2023\/09\/Siegel-2023.png\"\/>\n<\/div>\n<div class=\"col-md-6\">\n<div class=\"row\">\n<div class=\"col-md-12\">\n<h3>Sichern Sie sich jetzt den besten Preis!<\/h3>\n<div id=\"booking-tool-container-apartment482703\"><script type=\"text\/javascript\" src=\"https:\/\/login.smoobu.com\/js\/Settings\/BookingToolIframe.js\"><\/script><br \/>\n<script>BookingToolIframe.initialize({\"url\": \"https:\/\/login.smoobu.com\/de\/booking-tool\/iframe\/134187\/482703\", \"baseUrl\": \"https:\/\/login.smoobu.com\", \"target\": \"#booking-tool-container-apartment482703\"})<\/script><\/div>\n<p><!-- [easy_form style=\"none\" submit=\"Reservierungsanfrage erfolgreich gesendet!\" subsubmit=\"Vielen Dank f\u00fcr Ihren Auftrag. Wir melden uns in K\u00fcrze bei Ihnen, um Ihre Buchung zu best\u00e4tigen und Ihnen den genauen Aufenthaltspreis zu nennen.\" credit=\"\" subcredit=\"\" resourcename=\"Room\" resource=\"2223\" pers=\"1\" ] --><\/p>\n<\/div>\n<\/div>\n","protected":false},"excerpt":{"rendered":"<p>compact 1 room apartment with balcony<br \/>\n26 m\u00b2 \/ 2 people<\/p>","protected":false},"author":2,"featured_media":2872,"parent":0,"menu_order":0,"comment_status":"closed","ping_status":"closed","template":"","meta":{"footnotes":""},"class_list":["post-2220","page","type-page","status-publish","has-post-thumbnail","hentry"],"aioseo_notices":[],"_links":{"self":[{"href":"https:\/\/ferienwohnungen-deidesheim.de\/en\/wp-json\/wp\/v2\/pages\/2220","targetHints":{"allow":["GET"]}}],"collection":[{"href":"https:\/\/ferienwohnungen-deidesheim.de\/en\/wp-json\/wp\/v2\/pages"}],"about":[{"href":"https:\/\/ferienwohnungen-deidesheim.de\/en\/wp-json\/wp\/v2\/types\/page"}],"author":[{"embeddable":true,"href":"https:\/\/ferienwohnungen-deidesheim.de\/en\/wp-json\/wp\/v2\/users\/2"}],"replies":[{"embeddable":true,"href":"https:\/\/ferienwohnungen-deidesheim.de\/en\/wp-json\/wp\/v2\/comments?post=2220"}],"version-history":[{"count":26,"href":"https:\/\/ferienwohnungen-deidesheim.de\/en\/wp-json\/wp\/v2\/pages\/2220\/revisions"}],"predecessor-version":[{"id":3077,"href":"https:\/\/ferienwohnungen-deidesheim.de\/en\/wp-json\/wp\/v2\/pages\/2220\/revisions\/3077"}],"wp:featuredmedia":[{"embeddable":true,"href":"https:\/\/ferienwohnungen-deidesheim.de\/en\/wp-json\/wp\/v2\/media\/2872"}],"wp:attachment":[{"href":"https:\/\/ferienwohnungen-deidesheim.de\/en\/wp-json\/wp\/v2\/media?parent=2220"}],"curies":[{"name":"wp","href":"https:\/\/api.w.org\/{rel}","templated":true}]}}