{"id":266,"date":"2014-03-17T18:16:08","date_gmt":"2014-03-17T16:16:08","guid":{"rendered":"http:\/\/demo.themegrill.com\/spacious\/?page_id=19"},"modified":"2024-06-21T14:02:41","modified_gmt":"2024-06-21T12:02:41","slug":"wohnung-m12-herrgottsacker","status":"publish","type":"page","link":"https:\/\/ferienwohnungen-deidesheim.de\/en\/wohnung-m12-herrgottsacker\/","title":{"rendered":"M12 &#8211; Herrgottsacker"},"content":{"rendered":"<h2>Helle vollausgestattete (Ferien-) Wohnung<\/h2>\n<div class=\"row\">\n<div class=\"col-md-6\">\t\t<div class=\"dimage-360-area\" id=\"dtcontainer_1\"><\/div>\r\n\t\t<script>\r\n\t\tvar div = document.getElementById('dtcontainer_1');\r\n\t\tvar PSV = new PhotoSphereViewer({\r\n\t\t\t\tpanorama: 'https:\/\/ferienwohnungen-deidesheim.de\/wp-content\/uploads\/2023\/07\/M12-360-Wohnbereich-2-scaled.jpg',\r\n\t\t\t\tcontainer: div,\r\n\t\t\t\tdefault_position: {long: 0\/60},\r\n\t\t\t\ttime_anim: 1000,\r\n\t\t\t\tnavbar: true,\r\n\t\t\t\tallow_scroll_to_zoom: false,\r\n\t\t\t\tzoom_level: 0,\r\n\t\t\t\tanim_speed: '2rpm',\r\n\t\t\t\tnavbar_style: {\r\n\t\t\t\t\tbackgroundColor: 'rgba(58, 67, 77, 0.7)'\r\n\t\t\t\t},\t\t\r\n\t\t\t});\r\n\t\t<\/script>   \r\n\t\t\n<p style=\"text-align: center;\">Wohnraum (360\u00b0 Ansicht)<\/p>\n<\/div>\n<div class=\"col-md-6\">\t\t<div class=\"dimage-360-area\" id=\"dtcontainer_2\"><\/div>\r\n\t\t<script>\r\n\t\tvar div = document.getElementById('dtcontainer_2');\r\n\t\tvar PSV = new PhotoSphereViewer({\r\n\t\t\t\tpanorama: 'https:\/\/ferienwohnungen-deidesheim.de\/wp-content\/uploads\/2020\/10\/D12-Bad-scaled.jpg',\r\n\t\t\t\tcontainer: div,\r\n\t\t\t\tdefault_position: {long: 0\/60},\r\n\t\t\t\ttime_anim: 1000,\r\n\t\t\t\tnavbar: true,\r\n\t\t\t\tallow_scroll_to_zoom: false,\r\n\t\t\t\tzoom_level: 0,\r\n\t\t\t\tanim_speed: '2rpm',\r\n\t\t\t\tnavbar_style: {\r\n\t\t\t\t\tbackgroundColor: 'rgba(58, 67, 77, 0.7)'\r\n\t\t\t\t},\t\t\r\n\t\t\t});\r\n\t\t<\/script>   \r\n\t\t\n<p style=\"text-align: center;\">Bad (360\u00b0 Ansicht)<\/p>\n<\/div>\n<div class=\"col-md-12\">\n<p style=\"text-align: center;\"><a style=\"color: #65b32e;\" href=\"https:\/\/ferienwohnungen-deidesheim.de\/wohnung-m12-herrgottsacker-360\" target=\"_blank\" rel=\"noopener noreferrer\"><strong>Hier geht&#8217;s zur 360\u00b0 Galerie<\/strong><\/a><\/p>\n<\/div>\n<div class=\"col-md-6\">\n<p style=\"text-align: left;\">Diese moderne und helle Wohnung bietet ein heimeliges Wohngef\u00fchl und ist herrlich am Kurpark gelegen. Die abgeh\u00e4ngten Decken mit Downlights verschaffen dabei ein gro\u00dfz\u00fcgiges Raumgef\u00fchl. Die Einbau-K\u00fcche mit Ceran-Kochfeld, Sp\u00fcle, K\u00fchlschrank und Sp\u00fclmaschine integriert sich harmonisch in die offene Wohnung.<\/p>\n<p style=\"text-align: left;\">Der Bartresen bietet genug Platz um daran zu dinieren oder einfach nur um ein gutes Gl\u00e4schen Wein zu genie\u00dfen.<\/p>\n<p style=\"text-align: left;\">Im gem\u00fctlichen Wohnbereich mit wei\u00dfer Couch kann man wunderbar die Seele baumeln und den Tag ausklingen lassen.<\/p>\n<p style=\"text-align: left;\">Der Schlafbereich ist offen und bietet mit einem 1,80 m breiten Bett (2 x 90 x 200) gen\u00fcgend Platz um sich zu erholen.<\/p>\n<p style=\"text-align: left;\">Einen Platz zum Lesen und Arbeiten findet man ebenfalls mit Aussicht vom Balkon.<\/p>\n<p style=\"text-align: left;\">Die harmonisch integrierten Schr\u00e4nke, Regale und Vitrinen bieten in der gesamten Wohnung genug Stauraum um Kleidung usw. zu verstauen.<\/p>\n<p style=\"text-align: left;\">Das moderne Bad bietet eine bodentiefe Dusche, Waschtisch und WC und Ablagem\u00f6glichkeiten f\u00fcr Handt\u00fccher und Hygieneprodukte.<\/p>\n<\/div>\n<div class=\"col-md-6\">\r\n\t\t\t\t\t\n\r\n\t\t\t\t\t<!-- START UNITE GALLERY 1.7.62 -->\r\n\t\t\t\t\t\r\n\t\t\t\t\n\t\t\t<div id='unitegallery_5_1' class='unite-gallery' style='margin:0px auto;'>\n\t\t\t\t\n\n\t\t\t\t\t\t<img alt=\"M12 - 01 - Wohnbereich\"\n\t\t\t\t\t\t     src=\"\" data-image=\"https:\/\/ferienwohnungen-deidesheim.de\/wp-content\/uploads\/2023\/09\/M12-01-Wohnbereich.jpg\"\n\t\t\t\t\t\t     data-thumb=\"https:\/\/ferienwohnungen-deidesheim.de\/wp-content\/uploads\/2023\/09\/M12-01-Wohnbereich-300x200.jpg\"\n\t\t\t\t\t\t     title=\"\"\n\t\t\t\t\t\t     style=\"display:none\">\n\n\t\t\t\t\t\t<img alt=\"M12 - 02 - Wohnbereich &amp; K\u00fcche\"\n\t\t\t\t\t\t     src=\"\" data-image=\"https:\/\/ferienwohnungen-deidesheim.de\/wp-content\/uploads\/2023\/09\/M12-02-Wohnbereich-Kueche.jpg\"\n\t\t\t\t\t\t     data-thumb=\"https:\/\/ferienwohnungen-deidesheim.de\/wp-content\/uploads\/2023\/09\/M12-02-Wohnbereich-Kueche-300x200.jpg\"\n\t\t\t\t\t\t     title=\"\"\n\t\t\t\t\t\t     style=\"display:none\">\n\n\t\t\t\t\t\t<img alt=\"M12 - 03 - K\u00fcche\"\n\t\t\t\t\t\t     src=\"\" data-image=\"https:\/\/ferienwohnungen-deidesheim.de\/wp-content\/uploads\/2023\/09\/M12-03-Kueche.jpg\"\n\t\t\t\t\t\t     data-thumb=\"https:\/\/ferienwohnungen-deidesheim.de\/wp-content\/uploads\/2023\/09\/M12-03-Kueche-300x200.jpg\"\n\t\t\t\t\t\t     title=\"\"\n\t\t\t\t\t\t     style=\"display:none\">\n\n\t\t\t\t\t\t<img alt=\"M12 - 04 - Schlafcouch\"\n\t\t\t\t\t\t     src=\"\" data-image=\"https:\/\/ferienwohnungen-deidesheim.de\/wp-content\/uploads\/2023\/09\/M12-04-Schlafcouch.jpg\"\n\t\t\t\t\t\t     data-thumb=\"https:\/\/ferienwohnungen-deidesheim.de\/wp-content\/uploads\/2023\/09\/M12-04-Schlafcouch-300x200.jpg\"\n\t\t\t\t\t\t     title=\"\"\n\t\t\t\t\t\t     style=\"display:none\">\n\n\t\t\t\t\t\t<img alt=\"M12 - 05 - Essbereich\"\n\t\t\t\t\t\t     src=\"\" data-image=\"https:\/\/ferienwohnungen-deidesheim.de\/wp-content\/uploads\/2023\/09\/M12-05-Essbereich.jpg\"\n\t\t\t\t\t\t     data-thumb=\"https:\/\/ferienwohnungen-deidesheim.de\/wp-content\/uploads\/2023\/09\/M12-05-Essbereich-300x200.jpg\"\n\t\t\t\t\t\t     title=\"\"\n\t\t\t\t\t\t     style=\"display:none\">\n\n\t\t\t\t\t\t<img alt=\"M12 - 06 - Ess- &amp; Schlafbereich\"\n\t\t\t\t\t\t     src=\"\" data-image=\"https:\/\/ferienwohnungen-deidesheim.de\/wp-content\/uploads\/2023\/09\/M12-06-Ess-Schlafbereich.jpg\"\n\t\t\t\t\t\t     data-thumb=\"https:\/\/ferienwohnungen-deidesheim.de\/wp-content\/uploads\/2023\/09\/M12-06-Ess-Schlafbereich-300x200.jpg\"\n\t\t\t\t\t\t     title=\"\"\n\t\t\t\t\t\t     style=\"display:none\">\n\n\t\t\t\t\t\t<img alt=\"M12 - 07 - Schlafbereich\"\n\t\t\t\t\t\t     src=\"\" data-image=\"https:\/\/ferienwohnungen-deidesheim.de\/wp-content\/uploads\/2023\/09\/M12-07-Schlafbereich.jpg\"\n\t\t\t\t\t\t     data-thumb=\"https:\/\/ferienwohnungen-deidesheim.de\/wp-content\/uploads\/2023\/09\/M12-07-Schlafbereich-300x200.jpg\"\n\t\t\t\t\t\t     title=\"\"\n\t\t\t\t\t\t     style=\"display:none\">\n\n\t\t\t\t\t\t<img alt=\"M12 - 07 - Schlafbereich\"\n\t\t\t\t\t\t     src=\"\" data-image=\"https:\/\/ferienwohnungen-deidesheim.de\/wp-content\/uploads\/2024\/06\/M12-07-Schlafbereich-scaled.jpg\"\n\t\t\t\t\t\t     data-thumb=\"https:\/\/ferienwohnungen-deidesheim.de\/wp-content\/uploads\/2024\/06\/M12-07-Schlafbereich-225x300.jpg\"\n\t\t\t\t\t\t     title=\"\"\n\t\t\t\t\t\t     style=\"display:none\">\n\n\t\t\t\t\t\t<img alt=\"M12 - 08 - Schlafbereich 2 x 90\"\n\t\t\t\t\t\t     src=\"\" data-image=\"https:\/\/ferienwohnungen-deidesheim.de\/wp-content\/uploads\/2023\/09\/M12-08-Schlafbereich-2-x-90.jpg\"\n\t\t\t\t\t\t     data-thumb=\"https:\/\/ferienwohnungen-deidesheim.de\/wp-content\/uploads\/2023\/09\/M12-08-Schlafbereich-2-x-90-300x200.jpg\"\n\t\t\t\t\t\t     title=\"\"\n\t\t\t\t\t\t     style=\"display:none\">\n\n\t\t\t\t\t\t<img alt=\"M12 - 08 - Doppelbett\"\n\t\t\t\t\t\t     src=\"\" data-image=\"https:\/\/ferienwohnungen-deidesheim.de\/wp-content\/uploads\/2024\/06\/M12-08-Doppelbett-scaled.jpg\"\n\t\t\t\t\t\t     data-thumb=\"https:\/\/ferienwohnungen-deidesheim.de\/wp-content\/uploads\/2024\/06\/M12-08-Doppelbett-225x300.jpg\"\n\t\t\t\t\t\t     title=\"\"\n\t\t\t\t\t\t     style=\"display:none\">\n\n\t\t\t\t\t\t<img alt=\"M12 - 09 - Bad\"\n\t\t\t\t\t\t     src=\"\" data-image=\"https:\/\/ferienwohnungen-deidesheim.de\/wp-content\/uploads\/2023\/09\/M12-09-Bad.jpg\"\n\t\t\t\t\t\t     data-thumb=\"https:\/\/ferienwohnungen-deidesheim.de\/wp-content\/uploads\/2023\/09\/M12-09-Bad-300x200.jpg\"\n\t\t\t\t\t\t     title=\"\"\n\t\t\t\t\t\t     style=\"display:none\">\n\n\t\t\t\t\t\t<img alt=\"M12 - 10 - Balkon\"\n\t\t\t\t\t\t     src=\"\" data-image=\"https:\/\/ferienwohnungen-deidesheim.de\/wp-content\/uploads\/2023\/09\/M12-10-Balkon.jpg\"\n\t\t\t\t\t\t     data-thumb=\"https:\/\/ferienwohnungen-deidesheim.de\/wp-content\/uploads\/2023\/09\/M12-10-Balkon-300x200.jpg\"\n\t\t\t\t\t\t     title=\"\"\n\t\t\t\t\t\t     style=\"display:none\">\n\n\t\t\t\t\t\t<img alt=\"M12 - 11 - Aussicht\"\n\t\t\t\t\t\t     src=\"\" data-image=\"https:\/\/ferienwohnungen-deidesheim.de\/wp-content\/uploads\/2023\/09\/M12-11-Aussicht.jpg\"\n\t\t\t\t\t\t     data-thumb=\"https:\/\/ferienwohnungen-deidesheim.de\/wp-content\/uploads\/2023\/09\/M12-11-Aussicht-300x200.jpg\"\n\t\t\t\t\t\t     title=\"\"\n\t\t\t\t\t\t     style=\"display:none\">\n\t\t\t<\/div>\n\n\t\t\t<script type='text\/javascript'>\n\t\t\t\twindow.onload = function(e) {\n\t\t\t\t\tif(typeof ugCheckForErrors == \"undefined\"){\n\t\t\t\t\t\tdocument.getElementById(\"unitegallery_5_1\").innerHTML = \"<span style='color:red'>Unite Gallery Error - gallery js and css files not included in the footer. Please make sure that wp_footer() function is added to your theme.<\/span>\";}\n\t\t\t\t\telse{ ugCheckForErrors(\"unitegallery_5_1\", \"jquery\");}\n\t\t\t\t};\n\t\t\t<\/script>\n\n\t\t\t<!-- END UNITEGALLERY -->\n<\/div>\n<\/div>\n<div class=\"row\">\n<div class=\"col-md-6\">\n<h3>Grundriss<\/h3>\n<div class=\"row\">\n<div class=\"col-md-6\">\n<img loading=\"lazy\" decoding=\"async\" class=\"wp-image-512 size-large alignnone\" src=\"https:\/\/ferienwohnungen-deidesheim.de\/wp-content\/uploads\/2024\/06\/M12-Grundriss-Doppelbett.jpg\" alt=\"\" width=\"750\" height=\"563\" \/>\n<\/div>\n<div class=\"col-md-6\">\n<img loading=\"lazy\" decoding=\"async\" class=\"wp-image-512 size-large alignnone\" src=\"https:\/\/ferienwohnungen-deidesheim.de\/wp-content\/uploads\/2024\/06\/M12-Grundriss-Einzelbetten.jpg\" alt=\"\" width=\"750\" height=\"563\" \/>\n<\/div>\n<\/div>\n<h3>Weinlage &#8211; Herrgottsacker<\/h3>\n<p>Von hier kommt einer der typischsten Weine der Pfalz \u2013 rassig, saftig, kraftvoll und w\u00fcrzig. Lehm bis lehmiger Sand, stellenweise mit Ger\u00f6llen, sandige Tone und Kalkstein verbunden mit einem gem\u00e4\u00dfigt milden Klima sind ideal f\u00fcr die besonderen Anspr\u00fcche des Rieslings.<\/p>\n<h3>Aktuelle Belegung<\/h3>\n<div id=\"smoobuApartment482706de\" class=\"calendarWidget\">\n<div class=\"calendarContent\" data-load-calendar-url=\"https:\/\/login.smoobu.com\/de\/cockpit\/widget\/single-calendar\/482706\" data-verification=\"fae440c34f6209817dc2f89d67fb3205f06f740cf86e8d26a3ee30d9107103ef\" data-baseUrl=\"https:\/\/login.smoobu.com\" data-disable-css=\"false\" ><\/div>\n<p> <script type=\"text\/javascript\" src=\"https:\/\/login.smoobu.com\/js\/Apartment\/CalendarWidget.js\"><\/script>\n<\/div>\n<h3>Facts<\/h3>\n<ul>\n<li>gro\u00dfe 1 Zimmer Wohnung im 1. OG mit Balkon<\/li>\n<li>Wohnfl\u00e4che ca. 44 m\u00b2\n<\/li>\n<li>1x Stellplatz<\/li>\n<li>Entfernungen\n<ul>\n<li>Supermarkt (Wasgau) 300 m<\/li>\n<li>Stadthalle mit Theater und Caf\u00e9 350 m<\/li>\n<li>Bahnhof Deidesheim 500 m<\/li>\n<li>Gemeindeverwaltung Deidesheim 500 m<\/li>\n<\/ul>\n<\/li>\n<\/ul>\n<h3>Ausstattung<\/h3>\n<ul>\n<li>Schlafbereich\n<ul>\n<li>Bett 2 x 90 x 200 oder 1 x 180 x 200<\/li>\n<\/ul>\n<\/li>\n<li>Wohnbereich\n<ul>\n<li>Schlafsofa (Liegefl\u00e4che 160 x 200)<\/li>\n<li>gro\u00dfer TV (HD-Flatscreen)<\/li>\n<\/ul>\n<\/li>\n<li>Koch- &amp; Essbereich\n<ul>\n<li>2x Barhocker<\/li>\n<li>Ceran-Kochfeld<\/li>\n<li>K\u00fchlschrank mit Eisfach<\/li>\n<li>Sp\u00fclmaschine<\/li>\n<li>Kaffeemaschine<\/li>\n<li>Wasserkocher<\/li>\n<li>Kochutensilien<\/li>\n<li>Gl\u00e4ser, Geschirr + Besteck<\/li>\n<li>Staubsauger<\/li>\n<\/ul>\n<\/li>\n<li>Bad\n<ul>\n<li>bodentiefe Dusche<\/li>\n<li>WC<\/li>\n<li>F\u00f6hn<\/li>\n<\/ul>\n<\/li>\n<\/ul>\n<h3>Preise<\/h3>\n<p>Folgende Leistungen sind bei uns kostenlos:<\/p>\n<p>&#8211; inkl. WLAN<br \/>\n&#8211; inkl. Stellplatz<br \/>\n&#8211; inkl. Bettzeug<br \/>\n&#8211; inkl. Handt\u00fccher<\/p>\n<p>zzgl. 1x Endreinigung *:\u00a0\u00a0\u00a0\u00a0\u00a0\u00a0\u00a0\u00a0<strong>60 \u20ac<\/strong><\/p>\n<div style=\"text-align: left; font-size: 10px;\">* Sollten Sie die Endreinigung selbst \u00fcbernehmen wollen sowie eigene Bettw\u00e4sche und Handt\u00fccher nutzen, fallen die Endreinigungs-Kosten nicht f\u00fcr Sie an.<\/div>\n<p>&nbsp;<br \/>\nUnsere Wohnungen sind f\u00fcr 2 Erwachsene ausgelegt.<br \/>\nEs besteht die M\u00f6glichkeit zus\u00e4tzliche Betten einzustellen.<br \/>\nF\u00fcr jeden weiteren \u00dcbernachtungsgast berechnen wir 20 \u20ac pro Nacht.<\/p>\n<p><strong>Hinweis<\/strong><br \/>\nDie Stadt Deidesheim erhebt seit 01.03.2023 einen<br \/>\n<strong>G\u00e4stebeitrag in H\u00f6he von 2,50 \u20ac pro Person pro \u00dcbernachtung.<\/strong><br \/>\nDer Gastgeber ist verpflichtet diesen zu kassieren und an die Stadt Deidesheim abzuf\u00fchren.<\/p>\n<p><strong>L\u00e4nger bleiben lohnt sich<\/strong><br \/>\nSparen Sie 3 &#8211; 14 % auf den jeweiligen \u00dcbernachtungspreis f\u00fcr 3 &#8211; 14 \u00dcbernachtungen!<br \/>\n<img decoding=\"async\" class src=\"https:\/\/ferienwohnungen-deidesheim.de\/wp-content\/uploads\/2023\/09\/Siegel-2023.png\"\/>\n<\/div>\n<div class=\"col-md-6\">\n<div class=\"row\">\n<div class=\"col-md-12\">\n<h3>Sichern Sie sich jetzt hier den besten Preis!<\/h3>\n<div id=\"booking-tool-container-apartment482706\"><script type=\"text\/javascript\" src=\"https:\/\/login.smoobu.com\/js\/Settings\/BookingToolIframe.js\"><\/script><br \/>\n<script>BookingToolIframe.initialize({\"url\": \"https:\/\/login.smoobu.com\/de\/booking-tool\/iframe\/134187\/482706\", \"baseUrl\": \"https:\/\/login.smoobu.com\", \"target\": \"#booking-tool-container-apartment482706\"})<\/script><\/div>\n<p><!-- [easy_form style=\"none\" submit=\"Reservierungsanfrage erfolgreich gesendet!\" subsubmit=\"Vielen Dank f\u00fcr Ihren Auftrag. Wir melden uns in K\u00fcrze bei Ihnen, um Ihre Buchung zu best\u00e4tigen und Ihnen den genauen Aufenthaltspreis zu nennen.\" credit=\"\" subcredit=\"\" resourcename=\"Room\" resource=\"478\"] --><\/p>\n<\/div>\n<div class=\"col-md-12\"><\/div>\n<\/div>\n","protected":false},"excerpt":{"rendered":"<p>bright 1.5 room apartment with balcony<br \/>\n44 m\u00b2 \/ 2-4 people<\/p>","protected":false},"author":1,"featured_media":2861,"parent":0,"menu_order":0,"comment_status":"closed","ping_status":"closed","template":"","meta":{"footnotes":""},"class_list":["post-266","page","type-page","status-publish","has-post-thumbnail","hentry"],"aioseo_notices":[],"_links":{"self":[{"href":"https:\/\/ferienwohnungen-deidesheim.de\/en\/wp-json\/wp\/v2\/pages\/266","targetHints":{"allow":["GET"]}}],"collection":[{"href":"https:\/\/ferienwohnungen-deidesheim.de\/en\/wp-json\/wp\/v2\/pages"}],"about":[{"href":"https:\/\/ferienwohnungen-deidesheim.de\/en\/wp-json\/wp\/v2\/types\/page"}],"author":[{"embeddable":true,"href":"https:\/\/ferienwohnungen-deidesheim.de\/en\/wp-json\/wp\/v2\/users\/1"}],"replies":[{"embeddable":true,"href":"https:\/\/ferienwohnungen-deidesheim.de\/en\/wp-json\/wp\/v2\/comments?post=266"}],"version-history":[{"count":145,"href":"https:\/\/ferienwohnungen-deidesheim.de\/en\/wp-json\/wp\/v2\/pages\/266\/revisions"}],"predecessor-version":[{"id":3071,"href":"https:\/\/ferienwohnungen-deidesheim.de\/en\/wp-json\/wp\/v2\/pages\/266\/revisions\/3071"}],"wp:featuredmedia":[{"embeddable":true,"href":"https:\/\/ferienwohnungen-deidesheim.de\/en\/wp-json\/wp\/v2\/media\/2861"}],"wp:attachment":[{"href":"https:\/\/ferienwohnungen-deidesheim.de\/en\/wp-json\/wp\/v2\/media?parent=266"}],"curies":[{"name":"wp","href":"https:\/\/api.w.org\/{rel}","templated":true}]}}