{"id":3156,"date":"2024-08-17T13:03:34","date_gmt":"2024-08-17T11:03:34","guid":{"rendered":"https:\/\/ferienwohnungen-deidesheim.de\/?page_id=3156"},"modified":"2025-01-17T13:03:52","modified_gmt":"2025-01-17T11:03:52","slug":"wohnung-r03-reiterpfad","status":"publish","type":"page","link":"https:\/\/ferienwohnungen-deidesheim.de\/en\/wohnung-r03-reiterpfad\/","title":{"rendered":"R03 &#8211; Reiterpfad"},"content":{"rendered":"<h2>Kompakte 1,5 Zimmer Wohnung mit Schlafzimmer<\/h2>\n<div class=\"row\">\n<!--\n\n\n<div class=\"col-md-6\">[dimage url=\"https:\/\/ferienwohnungen-deidesheim.de\/wp-content\/uploads\/2023\/08\/M24-360-Wohnraum-Licht-scaled.jpg\" control=true auto-rotate=true zoom_level=\"0\u2033 anim_speed=\"23\u2033 default-position=\"50\u2033 allow_scroll_to_zoom=false]\n\n\n<p style=\"text-align: center;\">Wohnraum (360\u00b0 Ansicht)<\/p>\n\n\n<\/div>\n\n\n\n\n\n<div class=\"col-md-6\">[dimage url=\"https:\/\/ferienwohnungen-deidesheim.de\/wp-content\/uploads\/2023\/08\/M24-360-Bad-scaled.jpg\" control=true auto-rotate=true zoom_level=\"0\u2033 anim_speed=\"23\u2033 default-position=\"50\u2033 allow_scroll_to_zoom=false]\n\n\n<p style=\"text-align: center;\">Bad (360\u00b0 Ansicht)<\/p>\n\n\n<\/div>\n\n\n\n\n\n<div class=\"col-md-12\">\n\n\n<p style=\"text-align: center;\"><a style=\"color: #65b32e;\" href=\"https:\/\/ferienwohnungen-deidesheim.de\/wohnung-m24-hohenmorgen-360\" target=\"_blank\" rel=\"noopener noreferrer\"><strong>Hier geht's zur 360\u00b0 Galerie<\/strong><\/a><\/p>\n\n\n<\/div>\n\n\n--><\/p>\n<div class=\"col-md-6\">\n<p style=\"text-align: left;\">Dieses kleine, aber feine Apartment liegt im Hinterhof eines Weingutes im Erdgeschoss und bietet Platz f\u00fcr bis zu 4 Personen.<\/p>\n<p style=\"text-align: left;\">Auf 31 m\u00b2 ist eine gut ausgestattete K\u00fcche mit 4 Ceran-Kochplatten, Backofen, Mikrowelle, K\u00fchlschrank, Toaster, Kaffeemaschine und Wasserkocher sowie ein modernes Bad mit ger\u00e4umiger Regendusche zu finden.<\/p>\n<p style=\"text-align: left;\">Ein separater gem\u00fctlicher Schlafbereich bietet Platz f\u00fcr 2 Personen auf hochwertigen Einzel-Boxspringbetten, die sich nahtlos zum 1,80 m breiten Doppelbett verbinden lassen.<\/p>\n<p style=\"text-align: left;\">Der Wohnbereich ist funktional ausgestattet mit zwei gut gepolsterten Schlaf-Sofas, so dass hier zwei weitere Personen getrennt oder im Doppelbett schlafen k\u00f6nnen. Ein Fernseher, ein WLAN-Radio mit Lautsprecherboxfunktion f\u00fcrs Handy, ein Schrank, eine Kommode f\u00fcr Verstaum\u00f6glichkeiten sowie ein Essplatz f\u00fcr 4 Personen runden den Wohnkomfort ab. <\/p>\n<p style=\"text-align: left;\">F\u00fcr Kinder bieten wir einen Toilettensitz, einen Hocker und auf Nachfrage ein Babybett und einen Kinderstuhl.<\/p>\n<\/div>\n<div class=\"col-md-6\">\r\n\t\t\t\t\t\n\r\n\t\t\t\t\t<!-- START UNITE GALLERY 1.7.62 -->\r\n\t\t\t\t\t\r\n\t\t\t\t\n\t\t\t<div id='unitegallery_14_1' class='unite-gallery' style='margin:0px auto;'>\n\t\t\t\t\n\n\t\t\t\t\t\t<img alt=\"R03 - 01 - Wohnbereich\"\n\t\t\t\t\t\t     src=\"\" data-image=\"https:\/\/ferienwohnungen-deidesheim.de\/wp-content\/uploads\/2024\/09\/R03-01-Wohnbereich-scaled.jpg\"\n\t\t\t\t\t\t     data-thumb=\"https:\/\/ferienwohnungen-deidesheim.de\/wp-content\/uploads\/2024\/09\/R03-01-Wohnbereich-300x225.jpg\"\n\t\t\t\t\t\t     title=\"\"\n\t\t\t\t\t\t     style=\"display:none\">\n\n\t\t\t\t\t\t<img alt=\"R03 - 03 - Wohnbereich\"\n\t\t\t\t\t\t     src=\"\" data-image=\"https:\/\/ferienwohnungen-deidesheim.de\/wp-content\/uploads\/2024\/09\/R03-03-Wohnbereich-scaled.jpg\"\n\t\t\t\t\t\t     data-thumb=\"https:\/\/ferienwohnungen-deidesheim.de\/wp-content\/uploads\/2024\/09\/R03-03-Wohnbereich-300x225.jpg\"\n\t\t\t\t\t\t     title=\"\"\n\t\t\t\t\t\t     style=\"display:none\">\n\n\t\t\t\t\t\t<img alt=\"R03 - 04 - Wohnbereich\"\n\t\t\t\t\t\t     src=\"\" data-image=\"https:\/\/ferienwohnungen-deidesheim.de\/wp-content\/uploads\/2024\/09\/R03-04-Wohnbereich-scaled.jpg\"\n\t\t\t\t\t\t     data-thumb=\"https:\/\/ferienwohnungen-deidesheim.de\/wp-content\/uploads\/2024\/09\/R03-04-Wohnbereich-225x300.jpg\"\n\t\t\t\t\t\t     title=\"\"\n\t\t\t\t\t\t     style=\"display:none\">\n\n\t\t\t\t\t\t<img alt=\"R03 - 05 - Wohn-Essbereich\"\n\t\t\t\t\t\t     src=\"\" data-image=\"https:\/\/ferienwohnungen-deidesheim.de\/wp-content\/uploads\/2024\/09\/R03-05-Wohn-Essbereich-scaled.jpg\"\n\t\t\t\t\t\t     data-thumb=\"https:\/\/ferienwohnungen-deidesheim.de\/wp-content\/uploads\/2024\/09\/R03-05-Wohn-Essbereich-300x225.jpg\"\n\t\t\t\t\t\t     title=\"\"\n\t\t\t\t\t\t     style=\"display:none\">\n\n\t\t\t\t\t\t<img alt=\"R03 - 06 - Essbereich\"\n\t\t\t\t\t\t     src=\"\" data-image=\"https:\/\/ferienwohnungen-deidesheim.de\/wp-content\/uploads\/2024\/09\/R03-06-Essbereich-scaled.jpg\"\n\t\t\t\t\t\t     data-thumb=\"https:\/\/ferienwohnungen-deidesheim.de\/wp-content\/uploads\/2024\/09\/R03-06-Essbereich-300x225.jpg\"\n\t\t\t\t\t\t     title=\"\"\n\t\t\t\t\t\t     style=\"display:none\">\n\n\t\t\t\t\t\t<img alt=\"R03 - 07 - Essbereich\"\n\t\t\t\t\t\t     src=\"\" data-image=\"https:\/\/ferienwohnungen-deidesheim.de\/wp-content\/uploads\/2024\/09\/R03-07-Essbereich-scaled.jpg\"\n\t\t\t\t\t\t     data-thumb=\"https:\/\/ferienwohnungen-deidesheim.de\/wp-content\/uploads\/2024\/09\/R03-07-Essbereich-225x300.jpg\"\n\t\t\t\t\t\t     title=\"\"\n\t\t\t\t\t\t     style=\"display:none\">\n\n\t\t\t\t\t\t<img alt=\"R03 - 08 - K\u00fcche\"\n\t\t\t\t\t\t     src=\"\" data-image=\"https:\/\/ferienwohnungen-deidesheim.de\/wp-content\/uploads\/2024\/09\/R03-08-Kueche-scaled.jpg\"\n\t\t\t\t\t\t     data-thumb=\"https:\/\/ferienwohnungen-deidesheim.de\/wp-content\/uploads\/2024\/09\/R03-08-Kueche-300x225.jpg\"\n\t\t\t\t\t\t     title=\"\"\n\t\t\t\t\t\t     style=\"display:none\">\n\n\t\t\t\t\t\t<img alt=\"R03 - 09 - K\u00fcche\"\n\t\t\t\t\t\t     src=\"\" data-image=\"https:\/\/ferienwohnungen-deidesheim.de\/wp-content\/uploads\/2024\/09\/R03-09-Kueche-scaled.jpg\"\n\t\t\t\t\t\t     data-thumb=\"https:\/\/ferienwohnungen-deidesheim.de\/wp-content\/uploads\/2024\/09\/R03-09-Kueche-225x300.jpg\"\n\t\t\t\t\t\t     title=\"\"\n\t\t\t\t\t\t     style=\"display:none\">\n\n\t\t\t\t\t\t<img alt=\"R03 - 10 - Schlafzimmer - Einzelbetten\"\n\t\t\t\t\t\t     src=\"\" data-image=\"https:\/\/ferienwohnungen-deidesheim.de\/wp-content\/uploads\/2024\/09\/R03-10-Schlafzimmer-Einzelbetten-scaled.jpg\"\n\t\t\t\t\t\t     data-thumb=\"https:\/\/ferienwohnungen-deidesheim.de\/wp-content\/uploads\/2024\/09\/R03-10-Schlafzimmer-Einzelbetten-300x225.jpg\"\n\t\t\t\t\t\t     title=\"\"\n\t\t\t\t\t\t     style=\"display:none\">\n\n\t\t\t\t\t\t<img alt=\"R03 - 11 - Schlafzimmer - Einzelbetten\"\n\t\t\t\t\t\t     src=\"\" data-image=\"https:\/\/ferienwohnungen-deidesheim.de\/wp-content\/uploads\/2024\/09\/R03-11-Schlafzimmer-Einzelbetten-scaled.jpg\"\n\t\t\t\t\t\t     data-thumb=\"https:\/\/ferienwohnungen-deidesheim.de\/wp-content\/uploads\/2024\/09\/R03-11-Schlafzimmer-Einzelbetten-300x225.jpg\"\n\t\t\t\t\t\t     title=\"\"\n\t\t\t\t\t\t     style=\"display:none\">\n\n\t\t\t\t\t\t<img alt=\"R03 - 12 - Schlafzimmer - Doppelbett\"\n\t\t\t\t\t\t     src=\"\" data-image=\"https:\/\/ferienwohnungen-deidesheim.de\/wp-content\/uploads\/2024\/09\/R03-12-Schlafzimmer-Doppelbett-scaled.jpg\"\n\t\t\t\t\t\t     data-thumb=\"https:\/\/ferienwohnungen-deidesheim.de\/wp-content\/uploads\/2024\/09\/R03-12-Schlafzimmer-Doppelbett-300x225.jpg\"\n\t\t\t\t\t\t     title=\"\"\n\t\t\t\t\t\t     style=\"display:none\">\n\n\t\t\t\t\t\t<img alt=\"R03 - 13 - Schlafzimmer - Doppelbett\"\n\t\t\t\t\t\t     src=\"\" data-image=\"https:\/\/ferienwohnungen-deidesheim.de\/wp-content\/uploads\/2024\/09\/R03-13-Schlafzimmer-Doppelbett-scaled.jpg\"\n\t\t\t\t\t\t     data-thumb=\"https:\/\/ferienwohnungen-deidesheim.de\/wp-content\/uploads\/2024\/09\/R03-13-Schlafzimmer-Doppelbett-300x225.jpg\"\n\t\t\t\t\t\t     title=\"\"\n\t\t\t\t\t\t     style=\"display:none\">\n\n\t\t\t\t\t\t<img alt=\"R03 - 14 - Bad\"\n\t\t\t\t\t\t     src=\"\" data-image=\"https:\/\/ferienwohnungen-deidesheim.de\/wp-content\/uploads\/2024\/09\/R03-14-Bad-scaled.jpg\"\n\t\t\t\t\t\t     data-thumb=\"https:\/\/ferienwohnungen-deidesheim.de\/wp-content\/uploads\/2024\/09\/R03-14-Bad-225x300.jpg\"\n\t\t\t\t\t\t     title=\"\"\n\t\t\t\t\t\t     style=\"display:none\">\n\n\t\t\t\t\t\t<img alt=\"R03 - 15 - Dusche\"\n\t\t\t\t\t\t     src=\"\" data-image=\"https:\/\/ferienwohnungen-deidesheim.de\/wp-content\/uploads\/2024\/09\/R03-15-Dusche-scaled.jpg\"\n\t\t\t\t\t\t     data-thumb=\"https:\/\/ferienwohnungen-deidesheim.de\/wp-content\/uploads\/2024\/09\/R03-15-Dusche-225x300.jpg\"\n\t\t\t\t\t\t     title=\"\"\n\t\t\t\t\t\t     style=\"display:none\">\n\n\t\t\t\t\t\t<img alt=\"R03 - 16 - Waschmaschine\"\n\t\t\t\t\t\t     src=\"\" data-image=\"https:\/\/ferienwohnungen-deidesheim.de\/wp-content\/uploads\/2024\/09\/R03-16-Waschmaschine-scaled.jpg\"\n\t\t\t\t\t\t     data-thumb=\"https:\/\/ferienwohnungen-deidesheim.de\/wp-content\/uploads\/2024\/09\/R03-16-Waschmaschine-225x300.jpg\"\n\t\t\t\t\t\t     title=\"\"\n\t\t\t\t\t\t     style=\"display:none\">\n\n\t\t\t\t\t\t<img alt=\"R03 - 17 - Wohnungseingang\"\n\t\t\t\t\t\t     src=\"\" data-image=\"https:\/\/ferienwohnungen-deidesheim.de\/wp-content\/uploads\/2024\/09\/R03-17-Wohnungseingang-scaled.jpg\"\n\t\t\t\t\t\t     data-thumb=\"https:\/\/ferienwohnungen-deidesheim.de\/wp-content\/uploads\/2024\/09\/R03-17-Wohnungseingang-225x300.jpg\"\n\t\t\t\t\t\t     title=\"\"\n\t\t\t\t\t\t     style=\"display:none\">\n\n\t\t\t\t\t\t<img alt=\"R03 - 18 - Au\u00dfenansicht\"\n\t\t\t\t\t\t     src=\"\" data-image=\"https:\/\/ferienwohnungen-deidesheim.de\/wp-content\/uploads\/2024\/09\/R03-18-Aussenansicht.jpg\"\n\t\t\t\t\t\t     data-thumb=\"https:\/\/ferienwohnungen-deidesheim.de\/wp-content\/uploads\/2024\/09\/R03-18-Aussenansicht-300x225.jpg\"\n\t\t\t\t\t\t     title=\"\"\n\t\t\t\t\t\t     style=\"display:none\">\n\n\t\t\t\t\t\t<img alt=\"R03 - 19 - Stellplatz\"\n\t\t\t\t\t\t     src=\"\" data-image=\"https:\/\/ferienwohnungen-deidesheim.de\/wp-content\/uploads\/2024\/09\/R03-19-Stellplatz-scaled.jpg\"\n\t\t\t\t\t\t     data-thumb=\"https:\/\/ferienwohnungen-deidesheim.de\/wp-content\/uploads\/2024\/09\/R03-19-Stellplatz-300x227.jpg\"\n\t\t\t\t\t\t     title=\"\"\n\t\t\t\t\t\t     style=\"display:none\">\n\n\t\t\t\t\t\t<img alt=\"R03 - 20 - Grundriss - Einzelbetten\"\n\t\t\t\t\t\t     src=\"\" data-image=\"https:\/\/ferienwohnungen-deidesheim.de\/wp-content\/uploads\/2024\/09\/R03-20-Grundriss-Einzelbetten.jpg\"\n\t\t\t\t\t\t     data-thumb=\"https:\/\/ferienwohnungen-deidesheim.de\/wp-content\/uploads\/2024\/09\/R03-20-Grundriss-Einzelbetten-300x159.jpg\"\n\t\t\t\t\t\t     title=\"\"\n\t\t\t\t\t\t     style=\"display:none\">\n\n\t\t\t\t\t\t<img alt=\"R03 - 21 - Grundriss - Doppelbett\"\n\t\t\t\t\t\t     src=\"\" data-image=\"https:\/\/ferienwohnungen-deidesheim.de\/wp-content\/uploads\/2024\/09\/R03-21-Grundriss-Doppelbett.jpg\"\n\t\t\t\t\t\t     data-thumb=\"https:\/\/ferienwohnungen-deidesheim.de\/wp-content\/uploads\/2024\/09\/R03-21-Grundriss-Doppelbett-300x160.jpg\"\n\t\t\t\t\t\t     title=\"\"\n\t\t\t\t\t\t     style=\"display:none\">\n\t\t\t<\/div>\n\n\t\t\t<script type='text\/javascript'>\n\t\t\t\twindow.onload = function(e) {\n\t\t\t\t\tif(typeof ugCheckForErrors == \"undefined\"){\n\t\t\t\t\t\tdocument.getElementById(\"unitegallery_14_1\").innerHTML = \"<span style='color:red'>Unite Gallery Error - gallery js and css files not included in the footer. Please make sure that wp_footer() function is added to your theme.<\/span>\";}\n\t\t\t\t\telse{ ugCheckForErrors(\"unitegallery_14_1\", \"jquery\");}\n\t\t\t\t};\n\t\t\t<\/script>\n\n\t\t\t<!-- END UNITEGALLERY --><\/div>\n<\/div>\n<p>&nbsp;<\/p>\n<div class=\"row\">\n<div class=\"col-md-6\">\n<h3>Grundriss<\/h3>\n<div class=\"row\">\n<div class=\"col-md-6\">\n<img loading=\"lazy\" decoding=\"async\" class=\"wp-image-512 size-large alignnone\" src=\"https:\/\/ferienwohnungen-deidesheim.de\/wp-content\/uploads\/2024\/09\/R03-20-Grundriss-Einzelbetten.jpg\" alt=\"\" width=\"750\" height=\"563\" \/>\n<\/div>\n<div class=\"col-md-6\">\n<img loading=\"lazy\" decoding=\"async\" class=\"wp-image-512 size-large alignnone\" src=\"https:\/\/ferienwohnungen-deidesheim.de\/wp-content\/uploads\/2024\/09\/R03-21-Grundriss-Doppelbett.jpg\" alt=\"\" width=\"750\" height=\"563\" \/>\n<\/div>\n<\/div>\n<h3>Weinlage &#8211; Reiterpfad<\/h3>\n<p>Der Reiterpfad wei\u00dft eine geringe Hangneigung auf und l\u00e4sst sich auf die R\u00f6mer zur\u00fcck f\u00fchren, die einst mit ihren Pferden dort entlang zogen. Es sind hohe Anteile an Sanden, lehmigen Sanden und Buntsandstein im Reiterpfad zu finden. Die Weine, die dieser Lage entstammen, besitzen gro\u00dfes Potenzial und sind f\u00fcr eine Reifung auf der Flasche geradezu pr\u00e4destiniert.<\/p>\n<h3>Akuelle Belegung<\/h3>\n<div id=\"smoobuApartment2268876de\" class=\"calendarWidget\">\n<div class=\"calendarContent\" data-load-calendar-url=\"https:\/\/login.smoobu.com\/de\/cockpit\/widget\/single-calendar\/2268876\" data-verification=\"426ab98573f13b86a440440f50e37149218ef24e20923d24d441f1283f823d42\" data-baseUrl=\"https:\/\/login.smoobu.com\" data-disable-css=\"false\" ><\/div>\n<p> <script type=\"text\/javascript\" src=\"https:\/\/login.smoobu.com\/js\/Apartment\/CalendarWidget.js\"><\/script>\n<\/div>\n<h3>Facts<\/h3>\n<ul>\n<li>EG Wohnung mit separatem Schlafzimmer<\/li>\n<li>Wohnfl\u00e4che ca. 31 m\u00b2\n<\/li>\n<li>1x Au\u00dfen-Stellplatz<\/li>\n<li>Entfernungen\n<ul>\n<li>Supermarkt (Wasgau) 500 m<\/li>\n<li>Stadthalle mit Theater und Caf\u00e9 700 m<\/li>\n<li>Bahnhof Deidesheim 800 m<\/li>\n<\/ul>\n<\/li>\n<\/ul>\n<h3>Ausstattung<\/h3>\n<ul>\n<li>Schlafbereich\n<ul>\n<li>Bett 2x 90 x 200 oder 1x 180 x 200<\/li>\n<\/ul>\n<\/li>\n<li>Wohnbereich\n<ul>\n<li>2x Schlafsofa mit je 0,80m x 2,00m Liegefl\u00e4che<\/li>\n<li>HD Smart-TV<\/li>\n<\/ul>\n<\/li>\n<li>Koch- &amp; Essbereich\n<ul>\n<li>4-fach Ceran-Kochfeld<\/li>\n<li>K\u00fchlschrank mit Eisfach<\/li>\n<li>Ofen<\/li>\n<li>Mikrowelle<\/li>\n<li>Kaffeemaschine<\/li>\n<li>Wasserkocher<\/li>\n<li>Toaster<\/li>\n<li>Kochutensilien<\/li>\n<li>Gl\u00e4ser, Geschirr + Besteck<\/li>\n<li>Staubsauger<\/li>\n<\/ul>\n<\/li>\n<li>Bad\n<ul>\n<li>Regen-Dusche<\/li>\n<li>WC<\/li>\n<li>F\u00f6hn<\/li>\n<li>Waschmaschine<\/li>\n<\/ul>\n<\/li>\n<\/ul>\n<h3>Preise<\/h3>\n<p>Folgende Leistungen sind bei uns kostenlos:<\/p>\n<p>&#8211; inkl. WLAN<br \/>\n&#8211; inkl. Stellplatz<br \/>\n&#8211; inkl. Bettzeug<br \/>\n&#8211; inkl. Handt\u00fccher<\/p>\n<p>zzgl. 1x Endreinigung *:\u00a0\u00a0\u00a0\u00a0\u00a0\u00a0\u00a0\u00a0<strong>60 \u20ac<\/strong><\/p>\n<div style=\"text-align: left; font-size: 10px;\">* Sollten Sie die Endreinigung selbst \u00fcbernehmen wollen sowie eigene Bettw\u00e4sche und Handt\u00fccher nutzen, fallen die Endreinigungs-Kosten nicht f\u00fcr Sie an.<\/div>\n<p>&nbsp;<br \/>\nUnsere Wohnungen sind f\u00fcr 2 Erwachsene ausgelegt.<br \/>\nF\u00fcr jeden weiteren \u00dcbernachtungsgast berechnen wir 20 \u20ac pro Nacht.<br \/>\n<!--\n<strong>Hinweis<\/strong>\nDie Stadt Deidesheim erhebt seit 01.03.2023 einen\n<strong>G\u00e4stebeitrag in H\u00f6he von 2,50 \u20ac pro Person pro \u00dcbernachtung.<\/strong>\nDer Gastgeber ist verpflichtet diesen zu kassieren und an die Stadt Deidesheim abzuf\u00fchren.\n--><br \/>\n<strong>L\u00e4nger bleiben lohnt sich<\/strong><br \/>\nSparen Sie 3 &#8211; 14 % auf den jeweiligen \u00dcbernachtungspreis f\u00fcr 3 &#8211; 14 \u00dcbernachtungen!<br \/>\n<img decoding=\"async\" class src=\"https:\/\/ferienwohnungen-deidesheim.de\/wp-content\/uploads\/2023\/09\/Siegel-2023.png\"\/>\n<\/div>\n<div class=\"col-md-6\">\n<div class=\"row\">\n<div class=\"col-md-12\">\n<h3>Sichern Sie sich jetzt den besten Preis!<\/h3>\n<div id=\"apartmentIframe2268876\">\n<script type=\"text\/javascript\" src=\"https:\/\/login.smoobu.com\/js\/Settings\/BookingToolIframe.js\"><\/script><br \/>\n<script>BookingToolIframe.initialize({\"url\": \"https:\/\/login.smoobu.com\/de\/booking-tool\/iframe\/134187\/2268876?newTabAfterSearch=true\", \"baseUrl\": \"https:\/\/login.smoobu.com\", \"target\": \"#apartmentIframe2268876\"})<\/script>\n<\/div>\n<\/div>\n<\/div>\n<\/div>\n","protected":false},"excerpt":{"rendered":"<p>Compact 1.5 room apartment<br \/>\n31 m\u00b2 \/ 2-4 persons<\/p>","protected":false},"author":2,"featured_media":3203,"parent":0,"menu_order":0,"comment_status":"closed","ping_status":"closed","template":"","meta":{"footnotes":""},"class_list":["post-3156","page","type-page","status-publish","has-post-thumbnail","hentry"],"aioseo_notices":[],"_links":{"self":[{"href":"https:\/\/ferienwohnungen-deidesheim.de\/en\/wp-json\/wp\/v2\/pages\/3156","targetHints":{"allow":["GET"]}}],"collection":[{"href":"https:\/\/ferienwohnungen-deidesheim.de\/en\/wp-json\/wp\/v2\/pages"}],"about":[{"href":"https:\/\/ferienwohnungen-deidesheim.de\/en\/wp-json\/wp\/v2\/types\/page"}],"author":[{"embeddable":true,"href":"https:\/\/ferienwohnungen-deidesheim.de\/en\/wp-json\/wp\/v2\/users\/2"}],"replies":[{"embeddable":true,"href":"https:\/\/ferienwohnungen-deidesheim.de\/en\/wp-json\/wp\/v2\/comments?post=3156"}],"version-history":[{"count":16,"href":"https:\/\/ferienwohnungen-deidesheim.de\/en\/wp-json\/wp\/v2\/pages\/3156\/revisions"}],"predecessor-version":[{"id":3226,"href":"https:\/\/ferienwohnungen-deidesheim.de\/en\/wp-json\/wp\/v2\/pages\/3156\/revisions\/3226"}],"wp:featuredmedia":[{"embeddable":true,"href":"https:\/\/ferienwohnungen-deidesheim.de\/en\/wp-json\/wp\/v2\/media\/3203"}],"wp:attachment":[{"href":"https:\/\/ferienwohnungen-deidesheim.de\/en\/wp-json\/wp\/v2\/media?parent=3156"}],"curies":[{"name":"wp","href":"https:\/\/api.w.org\/{rel}","templated":true}]}}