{"id":381,"date":"2017-08-07T18:11:00","date_gmt":"2017-08-07T16:11:00","guid":{"rendered":"http:\/\/iti.envisia.de\/?page_id=381"},"modified":"2024-06-22T17:44:05","modified_gmt":"2024-06-22T15:44:05","slug":"wohnung-p24-paradiesgarten","status":"publish","type":"page","link":"https:\/\/ferienwohnungen-deidesheim.de\/en\/wohnung-p24-paradiesgarten\/","title":{"rendered":"P24 &#8211; Paradiesgarten"},"content":{"rendered":"<h2>gro\u00dfz\u00fcgige Maisonette-Wohnung<\/h2>\n<div class=\"row\">\n<div class=\"col-md-6\">\n\t\t<div class=\"dimage-360-area\" id=\"dtcontainer_1\"><\/div>\r\n\t\t<script>\r\n\t\tvar div = document.getElementById('dtcontainer_1');\r\n\t\tvar PSV = new PhotoSphereViewer({\r\n\t\t\t\tpanorama: 'https:\/\/ferienwohnungen-deidesheim.de\/wp-content\/uploads\/2020\/10\/D24-Kueche-scaled.jpg',\r\n\t\t\t\tcontainer: div,\r\n\t\t\t\tdefault_position: {long: 0\/60},\r\n\t\t\t\ttime_anim: 1000,\r\n\t\t\t\tnavbar: true,\r\n\t\t\t\tallow_scroll_to_zoom: false,\r\n\t\t\t\tzoom_level: 0,\r\n\t\t\t\tanim_speed: '2rpm',\r\n\t\t\t\tnavbar_style: {\r\n\t\t\t\t\tbackgroundColor: 'rgba(58, 67, 77, 0.7)'\r\n\t\t\t\t},\t\t\r\n\t\t\t});\r\n\t\t<\/script>   \r\n\t\t\n<p style=\"text-align: center\">Wohnraum (360\u00b0 Ansicht)<\/p>\n<\/div>\n<div class=\"col-md-6\">\n\t\t<div class=\"dimage-360-area\" id=\"dtcontainer_2\"><\/div>\r\n\t\t<script>\r\n\t\tvar div = document.getElementById('dtcontainer_2');\r\n\t\tvar PSV = new PhotoSphereViewer({\r\n\t\t\t\tpanorama: 'https:\/\/ferienwohnungen-deidesheim.de\/wp-content\/uploads\/2020\/10\/D24-Schlafempore-scaled.jpg',\r\n\t\t\t\tcontainer: div,\r\n\t\t\t\tdefault_position: {long: 0\/60},\r\n\t\t\t\ttime_anim: 1000,\r\n\t\t\t\tnavbar: true,\r\n\t\t\t\tallow_scroll_to_zoom: false,\r\n\t\t\t\tzoom_level: 0,\r\n\t\t\t\tanim_speed: '2rpm',\r\n\t\t\t\tnavbar_style: {\r\n\t\t\t\t\tbackgroundColor: 'rgba(58, 67, 77, 0.7)'\r\n\t\t\t\t},\t\t\r\n\t\t\t});\r\n\t\t<\/script>   \r\n\t\t\n<p style=\"text-align: center\">Schlafempore (360\u00b0 Ansicht)<\/p>\n<\/div>\n<div class=\"col-md-12\">\n<p style=\"text-align: center;\"><a href=\"https:\/\/ferienwohnungen-deidesheim.de\/wohnung-p24-paradiesgarten-360\" target=\"_blank\" style=\"color: #65b32e\" rel=\"noopener noreferrer\"><strong>Hier geht&#8217;s zur 360\u00b0 Galerie<\/strong><\/a><\/p>\n<\/div>\n<div class=\"col-md-6\">\n<p style=\"text-align: left;\">Diese moderne und durch ihre Dachlage sehr gem\u00fctliche Wohnung bietet ein heimeliges Wohngef\u00fchl und einen herrlichen Blick auf den Kurpark und den Weiher. Die firsthohen Decken verschaffen dabei ein sehr gro\u00dfz\u00fcgiges Raumgef\u00fchl.<\/p>\n<p style=\"text-align: left;\">Die kleine aber feine K\u00fcche mit zwei Induktions-Kochplatten, Sp\u00fcle, K\u00fchlschrank und Sp\u00fclmaschine integriert sich harmonisch in die offene Wohnung. Der Bartresen l\u00e4dt dabei zu einem Drink ein.<\/p>\n<p style=\"text-align: left;\">Im gem\u00fctlichen Wohnbereich mit Couch und Fernsehsessel kann man wunderbar die Seele baumeln und den Tag ausklingen lassen.<\/p>\n<p style=\"text-align: left;\">\u00dcber eine Holztreppe gelangt man auf die Empore, dem Schlafbereich unter dem Zeltdach. Einen kleinen Platz zum Lesen oder Arbeiten findet man ebenfalls auf der obersten Ebene. Dieser verleitet \u2013 durch die hohe Lage direkt am Fenster \u2013 einfach mal die Blicke \u00fcber die D\u00e4cher Deidesheims schweifen zu lassen.<\/p>\n<p style=\"text-align: left;\">Die geschickt integrierten Einbauschr\u00e4nke bieten in der gesamten Wohnung genug Stauraum um Kleidung usw. zu verstauen.<\/p>\n<p style=\"text-align: left;\">Auch im fu\u00dfbodenbeheizten Bad mit Badewanne, Waschtisch und WC lassen sich s\u00e4mtliche Utensilien in einem Einbauschrank unterbringen.<\/p>\n<\/div>\n<div class=\"col-md-6\">\n\r\n\t\t\t\t\t\n\r\n\t\t\t\t\t<!-- START UNITE GALLERY 1.7.62 -->\r\n\t\t\t\t\t\r\n\t\t\t\t\n\t\t\t<div id='unitegallery_6_1' class='unite-gallery' style='margin:0px auto;'>\n\t\t\t\t\n\n\t\t\t\t\t\t<img alt=\"P24 - 01 - Schlafbereich\"\n\t\t\t\t\t\t     src=\"\" data-image=\"https:\/\/ferienwohnungen-deidesheim.de\/wp-content\/uploads\/2024\/06\/P24-01-Schlafbereich-scaled.jpeg\"\n\t\t\t\t\t\t     data-thumb=\"https:\/\/ferienwohnungen-deidesheim.de\/wp-content\/uploads\/2024\/06\/P24-01-Schlafbereich-300x225.jpeg\"\n\t\t\t\t\t\t     title=\"\"\n\t\t\t\t\t\t     style=\"display:none\">\n\n\t\t\t\t\t\t<img alt=\"P24 - 03 - Empore\"\n\t\t\t\t\t\t     src=\"\" data-image=\"https:\/\/ferienwohnungen-deidesheim.de\/wp-content\/uploads\/2024\/06\/P24-03-Empore-scaled.jpg\"\n\t\t\t\t\t\t     data-thumb=\"https:\/\/ferienwohnungen-deidesheim.de\/wp-content\/uploads\/2024\/06\/P24-03-Empore-300x225.jpg\"\n\t\t\t\t\t\t     title=\"\"\n\t\t\t\t\t\t     style=\"display:none\">\n\n\t\t\t\t\t\t<img alt=\"P24 - 04 - Treppe nach unten\"\n\t\t\t\t\t\t     src=\"\" data-image=\"https:\/\/ferienwohnungen-deidesheim.de\/wp-content\/uploads\/2024\/06\/P24-04-Treppe-nach-unten-scaled.jpg\"\n\t\t\t\t\t\t     data-thumb=\"https:\/\/ferienwohnungen-deidesheim.de\/wp-content\/uploads\/2024\/06\/P24-04-Treppe-nach-unten-300x225.jpg\"\n\t\t\t\t\t\t     title=\"\"\n\t\t\t\t\t\t     style=\"display:none\">\n\n\t\t\t\t\t\t<img alt=\"P24 - 05 - K\u00fcche\"\n\t\t\t\t\t\t     src=\"\" data-image=\"https:\/\/ferienwohnungen-deidesheim.de\/wp-content\/uploads\/2024\/06\/P24-05-Kueche-scaled.jpg\"\n\t\t\t\t\t\t     data-thumb=\"https:\/\/ferienwohnungen-deidesheim.de\/wp-content\/uploads\/2024\/06\/P24-05-Kueche-300x225.jpg\"\n\t\t\t\t\t\t     title=\"\"\n\t\t\t\t\t\t     style=\"display:none\">\n\n\t\t\t\t\t\t<img alt=\"P24 - 06 - Essplatz\"\n\t\t\t\t\t\t     src=\"\" data-image=\"https:\/\/ferienwohnungen-deidesheim.de\/wp-content\/uploads\/2024\/06\/P24-06-Essplatz-scaled.jpg\"\n\t\t\t\t\t\t     data-thumb=\"https:\/\/ferienwohnungen-deidesheim.de\/wp-content\/uploads\/2024\/06\/P24-06-Essplatz-225x300.jpg\"\n\t\t\t\t\t\t     title=\"\"\n\t\t\t\t\t\t     style=\"display:none\">\n\n\t\t\t\t\t\t<img alt=\"P24 - 07 - Essbereich\"\n\t\t\t\t\t\t     src=\"\" data-image=\"https:\/\/ferienwohnungen-deidesheim.de\/wp-content\/uploads\/2024\/06\/P24-07-Essbereich-scaled.jpg\"\n\t\t\t\t\t\t     data-thumb=\"https:\/\/ferienwohnungen-deidesheim.de\/wp-content\/uploads\/2024\/06\/P24-07-Essbereich-300x225.jpg\"\n\t\t\t\t\t\t     title=\"\"\n\t\t\t\t\t\t     style=\"display:none\">\n\n\t\t\t\t\t\t<img alt=\"P24 - 08 - Treppe nach oben\"\n\t\t\t\t\t\t     src=\"\" data-image=\"https:\/\/ferienwohnungen-deidesheim.de\/wp-content\/uploads\/2024\/06\/P24-08-Treppe-nach-oben-scaled.jpg\"\n\t\t\t\t\t\t     data-thumb=\"https:\/\/ferienwohnungen-deidesheim.de\/wp-content\/uploads\/2024\/06\/P24-08-Treppe-nach-oben-225x300.jpg\"\n\t\t\t\t\t\t     title=\"\"\n\t\t\t\t\t\t     style=\"display:none\">\n\n\t\t\t\t\t\t<img alt=\"P24 - 09 - Wohnbereich\"\n\t\t\t\t\t\t     src=\"\" data-image=\"https:\/\/ferienwohnungen-deidesheim.de\/wp-content\/uploads\/2024\/06\/P24-09-Wohnbereich-scaled.jpg\"\n\t\t\t\t\t\t     data-thumb=\"https:\/\/ferienwohnungen-deidesheim.de\/wp-content\/uploads\/2024\/06\/P24-09-Wohnbereich-300x225.jpg\"\n\t\t\t\t\t\t     title=\"\"\n\t\t\t\t\t\t     style=\"display:none\">\n\n\t\t\t\t\t\t<img alt=\"P24 - 10 - Wohnbereich\"\n\t\t\t\t\t\t     src=\"\" data-image=\"https:\/\/ferienwohnungen-deidesheim.de\/wp-content\/uploads\/2024\/06\/P24-10-Wohnbereich-scaled.jpg\"\n\t\t\t\t\t\t     data-thumb=\"https:\/\/ferienwohnungen-deidesheim.de\/wp-content\/uploads\/2024\/06\/P24-10-Wohnbereich-300x225.jpg\"\n\t\t\t\t\t\t     title=\"\"\n\t\t\t\t\t\t     style=\"display:none\">\n\n\t\t\t\t\t\t<img alt=\"P24 - 11 - Bad\"\n\t\t\t\t\t\t     src=\"\" data-image=\"https:\/\/ferienwohnungen-deidesheim.de\/wp-content\/uploads\/2024\/06\/P24-11-Bad-scaled.jpg\"\n\t\t\t\t\t\t     data-thumb=\"https:\/\/ferienwohnungen-deidesheim.de\/wp-content\/uploads\/2024\/06\/P24-11-Bad-225x300.jpg\"\n\t\t\t\t\t\t     title=\"\"\n\t\t\t\t\t\t     style=\"display:none\">\n\n\t\t\t\t\t\t<img alt=\"P24 - 12 - Bad\"\n\t\t\t\t\t\t     src=\"\" data-image=\"https:\/\/ferienwohnungen-deidesheim.de\/wp-content\/uploads\/2024\/06\/P24-12-Bad-scaled.jpg\"\n\t\t\t\t\t\t     data-thumb=\"https:\/\/ferienwohnungen-deidesheim.de\/wp-content\/uploads\/2024\/06\/P24-12-Bad-225x300.jpg\"\n\t\t\t\t\t\t     title=\"\"\n\t\t\t\t\t\t     style=\"display:none\">\n\n\t\t\t\t\t\t<img alt=\"P24 - 13 - Bad\"\n\t\t\t\t\t\t     src=\"\" data-image=\"https:\/\/ferienwohnungen-deidesheim.de\/wp-content\/uploads\/2024\/06\/P24-13-Bad-scaled.jpg\"\n\t\t\t\t\t\t     data-thumb=\"https:\/\/ferienwohnungen-deidesheim.de\/wp-content\/uploads\/2024\/06\/P24-13-Bad-300x225.jpg\"\n\t\t\t\t\t\t     title=\"\"\n\t\t\t\t\t\t     style=\"display:none\">\n\n\t\t\t\t\t\t<img alt=\"P24 - 14 - Aussicht\"\n\t\t\t\t\t\t     src=\"\" data-image=\"https:\/\/ferienwohnungen-deidesheim.de\/wp-content\/uploads\/2024\/06\/P24-14-Aussicht-scaled.jpg\"\n\t\t\t\t\t\t     data-thumb=\"https:\/\/ferienwohnungen-deidesheim.de\/wp-content\/uploads\/2024\/06\/P24-14-Aussicht-300x225.jpg\"\n\t\t\t\t\t\t     title=\"\"\n\t\t\t\t\t\t     style=\"display:none\">\n\n\t\t\t\t\t\t<img alt=\"P24 - 15 - Au\u00dfenansicht\"\n\t\t\t\t\t\t     src=\"\" data-image=\"https:\/\/ferienwohnungen-deidesheim.de\/wp-content\/uploads\/2024\/06\/P24-15-Aussenansicht.jpg\"\n\t\t\t\t\t\t     data-thumb=\"https:\/\/ferienwohnungen-deidesheim.de\/wp-content\/uploads\/2024\/06\/P24-15-Aussenansicht-300x200.jpg\"\n\t\t\t\t\t\t     title=\"\"\n\t\t\t\t\t\t     style=\"display:none\">\n\t\t\t<\/div>\n\n\t\t\t<script type='text\/javascript'>\n\t\t\t\twindow.onload = function(e) {\n\t\t\t\t\tif(typeof ugCheckForErrors == \"undefined\"){\n\t\t\t\t\t\tdocument.getElementById(\"unitegallery_6_1\").innerHTML = \"<span style='color:red'>Unite Gallery Error - gallery js and css files not included in the footer. Please make sure that wp_footer() function is added to your theme.<\/span>\";}\n\t\t\t\t\telse{ ugCheckForErrors(\"unitegallery_6_1\", \"jquery\");}\n\t\t\t\t};\n\t\t\t<\/script>\n\n\t\t\t<!-- END UNITEGALLERY --><\/div>\n<\/div>\n<p>&nbsp;<\/p>\n<div class=\"row\">\n<div class=\"col-md-6\">\n<h3>Grundriss<\/h3>\n<div class=\"row\">\n<div class=\"col-md-6\">\n<img loading=\"lazy\" decoding=\"async\" class=\"wp-image-512 size-large alignnone\" src=\"https:\/\/ferienwohnungen-deidesheim.de\/wp-content\/uploads\/2024\/06\/P24-Grundriss-Doppelbett.jpg\" alt=\"\" width=\"750\" height=\"563\" \/>\n<\/div>\n<div class=\"col-md-6\">\n<img loading=\"lazy\" decoding=\"async\" class=\"wp-image-512 size-large alignnone\" src=\"https:\/\/ferienwohnungen-deidesheim.de\/wp-content\/uploads\/2024\/06\/P24-Grundriss-Einzelbetten.jpg\" alt=\"\" width=\"750\" height=\"563\" \/>\n<\/div>\n<\/div>\n<h3>Weinlage &#8211; Paradiesgarten<\/h3>\n<p>Die Lage erstreckt sich entlang des Haardtwald-Randes, von wo aus am Nachmittag warme Luft in die Weinberge str\u00f6mt und so f\u00fcr ein optimales Klima sorgt. Kombiniert mit dem Boden aus rotem und gelbem Buntsandstein entstehen klare, reine Weine mit feinen Fruchtnoten und Aromen aus dem Garten Eden.<\/p>\n<h3>Aktuelle Belegung<\/h3>\n<div id=\"smoobuApartment482718de\" class=\"calendarWidget\">\n<div class=\"calendarContent\" data-load-calendar-url=\"https:\/\/login.smoobu.com\/de\/cockpit\/widget\/single-calendar\/482718\" data-verification=\"3069785b9b0a1b2604efef3255cfb66473889f870c96f66f852598b080f52b36\" data-baseUrl=\"https:\/\/login.smoobu.com\" data-disable-css=\"false\" ><\/div>\n<p> <script type=\"text\/javascript\" src=\"https:\/\/login.smoobu.com\/js\/Apartment\/CalendarWidget.js\"><\/script><\/div>\n<h3>Facts<\/h3>\n<ul>\n<li>gro\u00dfz\u00fcgige Maissonette-Wohnung auf 2 Ebenen im DG<\/li>\n<li>Wohnfl\u00e4che ca. 65 m\u00b2\n<\/ul>\n<\/li>\n<li>1x Tiefgaragen-Stellplatz<\/li>\n<li>Entfernungen\n<ul>\n<li>Supermarkt (Wasgau) 300 m<\/li>\n<li>Stadthalle mit Theater und Caf\u00e9 350 m<\/li>\n<li>Bahnhof Deidesheim 500 m<\/li>\n<li>Gemeindeverwaltung Deidesheim 500 m<\/li>\n<\/ul>\n<\/li>\n<\/ul>\n<h3>Ausstattung<\/h3>\n<ul>\n<li>Schlafbereich\n<ul>\n<li>Bett 2x 90 x 200 oder 1x 180 x 200<\/li>\n<\/ul>\n<\/li>\n<li>Wohnbereich\n<ul>\n<li>Sofa<\/li>\n<li>Fernsehsessel<\/li>\n<li>gro\u00dfer TV (HD-Flatscreen)<\/li>\n<\/ul>\n<\/li>\n<li>Koch- &amp; Essbereich\n<ul>\n<li>Induktions-Kochfeld<\/li>\n<li>K\u00fchlschrank mit Eisfach<\/li>\n<li>Sp\u00fclmaschine<\/li>\n<li>Kaffeemaschine<\/li>\n<li>Wasserkocher<\/li>\n<li>Toaster<\/li>\n<li>Kochutensilien<\/li>\n<li>Gl\u00e4ser, Geschirr + Besteck<\/li>\n<\/ul>\n<\/li>\n<li>Arbeits- &amp; Lesebereich\n<ul>\n<li>Schreibtisch<\/li>\n<li>Schreibtischstuhl<\/li>\n<\/ul>\n<\/li>\n<li>Bad\n<ul>\n<li>Badewanne mit Dusche<\/li>\n<li>WC<\/li>\n<li>F\u00f6hn<\/li>\n<\/ul>\n<\/li>\n<\/ul>\n<h3>Preise<\/h3>\n<p>Folgende Leistungen sind bei uns kostenlos:<\/p>\n<p>&#8211; inkl. WLAN<br \/>\n&#8211; inkl. Stellplatz<br \/>\n&#8211; inkl. Bettzeug<br \/>\n&#8211; inkl. Handt\u00fccher<\/p>\n<p>zzgl. 1x Endreinigung *:\u00a0\u00a0\u00a0\u00a0\u00a0\u00a0\u00a0\u00a0<strong>60 \u20ac<\/strong><\/p>\n<div style=\"text-align: left; font-size: 10px;\">* Sollten Sie die Endreinigung selbst \u00fcbernehmen wollen sowie eigene Bettw\u00e4sche und Handt\u00fccher nutzen, fallen die Endreinigungs-Kosten nicht f\u00fcr Sie an.<\/div>\n<p>&nbsp;<br \/>\nUnsere Wohnungen sind f\u00fcr 2 Erwachsene ausgelegt.<br \/>\nEs besteht die M\u00f6glichkeit zus\u00e4tzliche Betten einzustellen.<br \/>\nF\u00fcr jeden weiteren \u00dcbernachtungsgast berechnen wir 20 \u20ac pro Nacht.<\/p>\n<p><strong>Hinweis<\/strong><br \/>\nDie Stadt Deidesheim erhebt seit 01.03.2023 einen<br \/>\n<strong>G\u00e4stebeitrag in H\u00f6he von 2,50 \u20ac pro Person pro \u00dcbernachtung.<\/strong><br \/>\nDer Gastgeber ist verpflichtet diesen zu kassieren und an die Stadt Deidesheim abzuf\u00fchren.<\/p>\n<p><strong>L\u00e4nger bleiben lohnt sich<\/strong><br \/>\nSparen Sie 3 &#8211; 14 % auf den jeweiligen \u00dcbernachtungspreis f\u00fcr 3 &#8211; 14 \u00dcbernachtungen!<br \/>\n<img decoding=\"async\" class src=\"https:\/\/ferienwohnungen-deidesheim.de\/wp-content\/uploads\/2023\/09\/Siegel-2023.png\"\/>\n<\/div>\n<div class=\"col-md-6\">\n<div class=\"row\">\n<div class=\"col-md-12\">\n<h3>Sichern Sie sich jetzt den besten Preis!<\/h3>\n<div id=\"booking-tool-container-apartment482718\">\n<script type=\"text\/javascript\" src=\"https:\/\/login.smoobu.com\/js\/Settings\/BookingToolIframe.js\"><\/script><br \/>\n<script>BookingToolIframe.initialize({\"url\": \"https:\/\/login.smoobu.com\/de\/booking-tool\/iframe\/134187\/482718\", \"baseUrl\": \"https:\/\/login.smoobu.com\", \"target\": \"#booking-tool-container-apartment482718\"})<\/script><\/div>\n<p><!--\n[easy_form style=\"none\" submit=\"Reservierungsanfrage erfolgreich gesendet!\" subsubmit=\"Vielen Dank f\u00fcr Ihren Auftrag. Wir melden uns in K\u00fcrze bei Ihnen, um Ihre Buchung zu best\u00e4tigen und Ihnen den genauen Aufenthaltspreis zu nennen.\" credit=\"\" subcredit=\"\" resourcename=\"Room\" resource=\"703\" pers=\"1\" ]\n--><\/p>\n<\/div>\n<\/div>\n","protected":false},"excerpt":{"rendered":"<p>spacious duplex apartment<br \/>\n65 m\u00b2 \/ 2-4 people<\/p>","protected":false},"author":2,"featured_media":3023,"parent":0,"menu_order":0,"comment_status":"closed","ping_status":"closed","template":"","meta":{"footnotes":""},"class_list":["post-381","page","type-page","status-publish","has-post-thumbnail","hentry"],"aioseo_notices":[],"_links":{"self":[{"href":"https:\/\/ferienwohnungen-deidesheim.de\/en\/wp-json\/wp\/v2\/pages\/381","targetHints":{"allow":["GET"]}}],"collection":[{"href":"https:\/\/ferienwohnungen-deidesheim.de\/en\/wp-json\/wp\/v2\/pages"}],"about":[{"href":"https:\/\/ferienwohnungen-deidesheim.de\/en\/wp-json\/wp\/v2\/types\/page"}],"author":[{"embeddable":true,"href":"https:\/\/ferienwohnungen-deidesheim.de\/en\/wp-json\/wp\/v2\/users\/2"}],"replies":[{"embeddable":true,"href":"https:\/\/ferienwohnungen-deidesheim.de\/en\/wp-json\/wp\/v2\/comments?post=381"}],"version-history":[{"count":74,"href":"https:\/\/ferienwohnungen-deidesheim.de\/en\/wp-json\/wp\/v2\/pages\/381\/revisions"}],"predecessor-version":[{"id":3082,"href":"https:\/\/ferienwohnungen-deidesheim.de\/en\/wp-json\/wp\/v2\/pages\/381\/revisions\/3082"}],"wp:featuredmedia":[{"embeddable":true,"href":"https:\/\/ferienwohnungen-deidesheim.de\/en\/wp-json\/wp\/v2\/media\/3023"}],"wp:attachment":[{"href":"https:\/\/ferienwohnungen-deidesheim.de\/en\/wp-json\/wp\/v2\/media?parent=381"}],"curies":[{"name":"wp","href":"https:\/\/api.w.org\/{rel}","templated":true}]}}