{"id":806,"date":"2017-08-15T11:25:28","date_gmt":"2017-08-15T09:25:28","guid":{"rendered":"http:\/\/iti.envisia.de\/?page_id=806"},"modified":"2024-06-22T17:50:06","modified_gmt":"2024-06-22T15:50:06","slug":"wohnung-p20-hofstueck","status":"publish","type":"page","link":"https:\/\/ferienwohnungen-deidesheim.de\/en\/wohnung-p20-hofstueck\/","title":{"rendered":"P20 &#8211; Hofst\u00fcck"},"content":{"rendered":"<h2>gem\u00fctliche 1 \u00bd &nbsp;Zimmer Wohnung im 2. OG mit Balkon zum Kurpark<\/h2>\n<div class=\"row\">\n<div class=\"col-md-6\">\t\t<div class=\"dimage-360-area\" id=\"dtcontainer_1\"><\/div>\r\n\t\t<script>\r\n\t\tvar div = document.getElementById('dtcontainer_1');\r\n\t\tvar PSV = new PhotoSphereViewer({\r\n\t\t\t\tpanorama: 'https:\/\/ferienwohnungen-deidesheim.de\/wp-content\/uploads\/2020\/10\/D20-Essbereich-scaled.jpg',\r\n\t\t\t\tcontainer: div,\r\n\t\t\t\tdefault_position: {long: 0\/60},\r\n\t\t\t\ttime_anim: 1000,\r\n\t\t\t\tnavbar: true,\r\n\t\t\t\tallow_scroll_to_zoom: false,\r\n\t\t\t\tzoom_level: 0,\r\n\t\t\t\tanim_speed: '2rpm',\r\n\t\t\t\tnavbar_style: {\r\n\t\t\t\t\tbackgroundColor: 'rgba(58, 67, 77, 0.7)'\r\n\t\t\t\t},\t\t\r\n\t\t\t});\r\n\t\t<\/script>   \r\n\t\t\n<p style=\"text-align: center;\">Wohnraum (360\u00b0 Ansicht)<\/p>\n<\/div>\n<div class=\"col-md-6\">\t\t<div class=\"dimage-360-area\" id=\"dtcontainer_2\"><\/div>\r\n\t\t<script>\r\n\t\tvar div = document.getElementById('dtcontainer_2');\r\n\t\tvar PSV = new PhotoSphereViewer({\r\n\t\t\t\tpanorama: 'https:\/\/ferienwohnungen-deidesheim.de\/wp-content\/uploads\/2020\/10\/D20-Bad-scaled.jpg',\r\n\t\t\t\tcontainer: div,\r\n\t\t\t\tdefault_position: {long: 0\/60},\r\n\t\t\t\ttime_anim: 1000,\r\n\t\t\t\tnavbar: true,\r\n\t\t\t\tallow_scroll_to_zoom: false,\r\n\t\t\t\tzoom_level: 0,\r\n\t\t\t\tanim_speed: '2rpm',\r\n\t\t\t\tnavbar_style: {\r\n\t\t\t\t\tbackgroundColor: 'rgba(58, 67, 77, 0.7)'\r\n\t\t\t\t},\t\t\r\n\t\t\t});\r\n\t\t<\/script>   \r\n\t\t\n<p style=\"text-align: center;\">Bad (360\u00b0 Ansicht)<\/p>\n<\/div>\n<div class=\"col-md-12\">\n<p style=\"text-align: center;\"><a href=\"https:\/\/ferienwohnungen-deidesheim.de\/wohnung-p20-hofstueck-360\" target=\"_blank\" style=\"color: #65b32e\" rel=\"noopener noreferrer\"><strong>Hier geht&#8217;s zur 360\u00b0 Galerie<\/strong><\/a><\/p>\n<\/div>\n<div class=\"col-md-6\">\n<p>Diese stilvoll und modern eingerichtet Dachgeschoss-Wohnung ist gut geschnitten und bietet eine gem\u00fctliche Wohnatmosph\u00e4re. Auf dem sch\u00f6nen und sonnigen S\u00fcd-West-Balkon bekommt man einen herrlichen Blick auf den ruhigen Kurpark und den Weiher.<\/p>\n<p>Der offene und funktionale Koch- und Essbereich bietet Platz f\u00fcr bis zu 4 Personen und ist voll ausgestattet mit Induktions-Kochplatten, K\u00fchlschrank, Sp\u00fcle und Sp\u00fclmaschine. F\u00fcr einen Drink oder Snack kann man am Bartresen verweilen, der hier das Bindeglied zwischen K\u00fcche und Wohnbereich darstellt.<\/p>\n<p>Der kleine aber feine Wohnbereich mit Couch, Fernsehsessel, TV und verschiedensten Lichtquellen l\u00e4dt zum Entspannen ein.<\/p>\n<p>Vom Schlafbereich aus, der in einer gem\u00fctlichen Ecke der Wohnung integriert ist, kann man es sich ebenfalls beim Fernsehschauen und Lesen bequem machen. Der gro\u00dfe Schwebet\u00fcrenschrank neben dem Bett bietet hier viel Platz zum Verstauen. Im liebevoll gestalteten Flur mit Steinleisten und Ambilight sind weitere Einbauschr\u00e4nke geschickt integriert, die f\u00fcr viel Stauraum sorgen.<\/p>\n<p>Das Tageslicht-Bad mit Badewanne, Waschtisch und WC bietet allen notwendigen Komfort.<\/p>\n<\/div>\n<div class=\"col-md-6\">\n\r\n\t\t\t\t\t\n\r\n\t\t\t\t\t<!-- START UNITE GALLERY 1.7.62 -->\r\n\t\t\t\t\t\r\n\t\t\t\t\n\t\t\t<div id='unitegallery_8_1' class='unite-gallery' style='margin:0px auto;'>\n\t\t\t\t\n\n\t\t\t\t\t\t<img alt=\"P20 - 01 - Wohnbereich\"\n\t\t\t\t\t\t     src=\"\" data-image=\"https:\/\/ferienwohnungen-deidesheim.de\/wp-content\/uploads\/2024\/06\/P20-01-Wohnbereich-scaled.jpeg\"\n\t\t\t\t\t\t     data-thumb=\"https:\/\/ferienwohnungen-deidesheim.de\/wp-content\/uploads\/2024\/06\/P20-01-Wohnbereich-300x225.jpeg\"\n\t\t\t\t\t\t     title=\"\"\n\t\t\t\t\t\t     style=\"display:none\">\n\n\t\t\t\t\t\t<img alt=\"P20 - 02 - K\u00fcche\"\n\t\t\t\t\t\t     src=\"\" data-image=\"https:\/\/ferienwohnungen-deidesheim.de\/wp-content\/uploads\/2024\/06\/P20-02-Kueche-scaled.jpg\"\n\t\t\t\t\t\t     data-thumb=\"https:\/\/ferienwohnungen-deidesheim.de\/wp-content\/uploads\/2024\/06\/P20-02-Kueche-300x225.jpg\"\n\t\t\t\t\t\t     title=\"\"\n\t\t\t\t\t\t     style=\"display:none\">\n\n\t\t\t\t\t\t<img alt=\"P20 - 03 - Essbereich\"\n\t\t\t\t\t\t     src=\"\" data-image=\"https:\/\/ferienwohnungen-deidesheim.de\/wp-content\/uploads\/2024\/06\/P20-03-Essbereich-scaled.jpg\"\n\t\t\t\t\t\t     data-thumb=\"https:\/\/ferienwohnungen-deidesheim.de\/wp-content\/uploads\/2024\/06\/P20-03-Essbereich-300x225.jpg\"\n\t\t\t\t\t\t     title=\"\"\n\t\t\t\t\t\t     style=\"display:none\">\n\n\t\t\t\t\t\t<img alt=\"P20 - 04 - Doppelbett\"\n\t\t\t\t\t\t     src=\"\" data-image=\"https:\/\/ferienwohnungen-deidesheim.de\/wp-content\/uploads\/2024\/06\/P20-04-Doppelbett-scaled.jpg\"\n\t\t\t\t\t\t     data-thumb=\"https:\/\/ferienwohnungen-deidesheim.de\/wp-content\/uploads\/2024\/06\/P20-04-Doppelbett-225x300.jpg\"\n\t\t\t\t\t\t     title=\"\"\n\t\t\t\t\t\t     style=\"display:none\">\n\n\t\t\t\t\t\t<img alt=\"P20 - 05 - Schlafbereich\"\n\t\t\t\t\t\t     src=\"\" data-image=\"https:\/\/ferienwohnungen-deidesheim.de\/wp-content\/uploads\/2024\/06\/P20-05-Schlafbereich-scaled.jpg\"\n\t\t\t\t\t\t     data-thumb=\"https:\/\/ferienwohnungen-deidesheim.de\/wp-content\/uploads\/2024\/06\/P20-05-Schlafbereich-300x225.jpg\"\n\t\t\t\t\t\t     title=\"\"\n\t\t\t\t\t\t     style=\"display:none\">\n\n\t\t\t\t\t\t<img alt=\"P20 - 06 - Schlafsofa\"\n\t\t\t\t\t\t     src=\"\" data-image=\"https:\/\/ferienwohnungen-deidesheim.de\/wp-content\/uploads\/2024\/06\/P20-06-Schlafsofa-scaled.jpg\"\n\t\t\t\t\t\t     data-thumb=\"https:\/\/ferienwohnungen-deidesheim.de\/wp-content\/uploads\/2024\/06\/P20-06-Schlafsofa-300x225.jpg\"\n\t\t\t\t\t\t     title=\"\"\n\t\t\t\t\t\t     style=\"display:none\">\n\n\t\t\t\t\t\t<img alt=\"P20 - 07 - Flur\"\n\t\t\t\t\t\t     src=\"\" data-image=\"https:\/\/ferienwohnungen-deidesheim.de\/wp-content\/uploads\/2024\/06\/P20-07-Flur-scaled.jpg\"\n\t\t\t\t\t\t     data-thumb=\"https:\/\/ferienwohnungen-deidesheim.de\/wp-content\/uploads\/2024\/06\/P20-07-Flur-225x300.jpg\"\n\t\t\t\t\t\t     title=\"\"\n\t\t\t\t\t\t     style=\"display:none\">\n\n\t\t\t\t\t\t<img alt=\"P20 - 08 - Details\"\n\t\t\t\t\t\t     src=\"\" data-image=\"https:\/\/ferienwohnungen-deidesheim.de\/wp-content\/uploads\/2024\/06\/P20-08-Details-scaled.jpg\"\n\t\t\t\t\t\t     data-thumb=\"https:\/\/ferienwohnungen-deidesheim.de\/wp-content\/uploads\/2024\/06\/P20-08-Details-300x225.jpg\"\n\t\t\t\t\t\t     title=\"\"\n\t\t\t\t\t\t     style=\"display:none\">\n\n\t\t\t\t\t\t<img alt=\"P20 - 09 - Bad\"\n\t\t\t\t\t\t     src=\"\" data-image=\"https:\/\/ferienwohnungen-deidesheim.de\/wp-content\/uploads\/2024\/06\/P20-09-Bad-scaled.jpg\"\n\t\t\t\t\t\t     data-thumb=\"https:\/\/ferienwohnungen-deidesheim.de\/wp-content\/uploads\/2024\/06\/P20-09-Bad-300x225.jpg\"\n\t\t\t\t\t\t     title=\"\"\n\t\t\t\t\t\t     style=\"display:none\">\n\n\t\t\t\t\t\t<img alt=\"P20 - 10 - Bad\"\n\t\t\t\t\t\t     src=\"\" data-image=\"https:\/\/ferienwohnungen-deidesheim.de\/wp-content\/uploads\/2024\/06\/P20-10-Bad-scaled.jpg\"\n\t\t\t\t\t\t     data-thumb=\"https:\/\/ferienwohnungen-deidesheim.de\/wp-content\/uploads\/2024\/06\/P20-10-Bad-300x148.jpg\"\n\t\t\t\t\t\t     title=\"\"\n\t\t\t\t\t\t     style=\"display:none\">\n\n\t\t\t\t\t\t<img alt=\"P20 - 11 - Balkon\"\n\t\t\t\t\t\t     src=\"\" data-image=\"https:\/\/ferienwohnungen-deidesheim.de\/wp-content\/uploads\/2024\/06\/P20-11-Balkon.jpg\"\n\t\t\t\t\t\t     data-thumb=\"https:\/\/ferienwohnungen-deidesheim.de\/wp-content\/uploads\/2024\/06\/P20-11-Balkon-300x139.jpg\"\n\t\t\t\t\t\t     title=\"\"\n\t\t\t\t\t\t     style=\"display:none\">\n\t\t\t<\/div>\n\n\t\t\t<script type='text\/javascript'>\n\t\t\t\twindow.onload = function(e) {\n\t\t\t\t\tif(typeof ugCheckForErrors == \"undefined\"){\n\t\t\t\t\t\tdocument.getElementById(\"unitegallery_8_1\").innerHTML = \"<span style='color:red'>Unite Gallery Error - gallery js and css files not included in the footer. Please make sure that wp_footer() function is added to your theme.<\/span>\";}\n\t\t\t\t\telse{ ugCheckForErrors(\"unitegallery_8_1\", \"jquery\");}\n\t\t\t\t};\n\t\t\t<\/script>\n\n\t\t\t<!-- END UNITEGALLERY --><\/div>\n<\/div>\n<p>&nbsp;<\/p>\n<div class=\"row\">\n<div class=\"col-md-6\">\n<h3>Grundriss<\/h3>\n<div class=\"row\">\n<div class=\"col-md-6\">\n<img loading=\"lazy\" decoding=\"async\" class=\"wp-image-512 size-large alignnone\" src=\"https:\/\/ferienwohnungen-deidesheim.de\/wp-content\/uploads\/2024\/06\/P20-Grundriss-Doppelbett.jpg\" alt=\"\" width=\"750\" height=\"563\" \/>\n<\/div>\n<div class=\"col-md-6\">\n<img loading=\"lazy\" decoding=\"async\" class=\"wp-image-512 size-large alignnone\" src=\"https:\/\/ferienwohnungen-deidesheim.de\/wp-content\/uploads\/2024\/06\/P20-Grundriss-Einzelbetten.jpg\" alt=\"\" width=\"750\" height=\"563\" \/>\n<\/div>\n<\/div>\n<h3>Weinlage &#8211; Hofst\u00fcck<\/h3>\n<p>Dies ist eine Gro\u00dflage im Bereich der sonnenverw\u00f6hnten Mittelhaardt. Die Reben wachsen hier auf Lehm, Letten, Sand, Kies und sandigem Lehm. Die erzeugten Weine sind vielf\u00e4ltig und man kann sich jederzeit auf sie verlassen. Sie wahren ihren typischen Sortencharakter und sind angenehm zu trinken.<\/p>\n<h3>Aktuelle Belegung<\/h3>\n<div id=\"smoobuApartment482712de\" class=\"calendarWidget\">\n<div class=\"calendarContent\" data-load-calendar-url=\"https:\/\/login.smoobu.com\/de\/cockpit\/widget\/single-calendar\/482712\" data-verification=\"cdbe64d0e550bc2f3cd3bad95a6a7a6369e579b7680a08712f7425bd156a9618\" data-baseUrl=\"https:\/\/login.smoobu.com\" data-disable-css=\"false\" ><\/div>\n<p> <script type=\"text\/javascript\" src=\"https:\/\/login.smoobu.com\/js\/Apartment\/CalendarWidget.js\"><\/script><\/div>\n<h3>Facts<\/h3>\n<ul>\n<li>gem\u00fctliche 1 Zimmer-Wohnung im 2. OG<\/li>\n<li>Wohnfl\u00e4che ca. 39 m\u00b2<\/li>\n<li>Balkon<\/li>\n<li>1x Tiefgaragen-Stellplatz<\/li>\n<li>Entfernungen\n<ul>\n<li>Supermarkt (Wasgau) 300 m<\/li>\n<li>Stadthalle mit Theater und Caf\u00e9 350 m<\/li>\n<li>Bahnhof Deidesheim 500 m<\/li>\n<li>Gemeindeverwaltung Deidesheim 500 m<\/li>\n<\/ul>\n<\/li>\n<\/ul>\n<h3>Ausstattung<\/h3>\n<ul>\n<li>Schlafbereich\n<ul>\n<li>Bett 2x 90 x 200 oder 1x 180 x 200<\/li>\n<\/ul>\n<\/li>\n<li>Wohnbereich\n<ul>\n<li>Schlafcouch mit 1,40m x 2,00m Liegefl\u00e4che<\/li>\n<li>Klappsessel<\/li>\n<li>gro\u00dfer TV (HD-Flatscreen)<\/li>\n<\/ul>\n<\/li>\n<li>Koch- &amp; Essbereich\n<ul>\n<li>Induktions-Kochfeld<\/li>\n<li>K\u00fchlschrank mit Eisfach<\/li>\n<li>Sp\u00fclmaschine<\/li>\n<li>Kaffeemaschine<\/li>\n<li>Wasserkocher<\/li>\n<li>Toaster<\/li>\n<li>Kochutensilien<\/li>\n<li>Gl\u00e4ser, Geschirr + Besteck<\/li>\n<\/ul>\n<\/li>\n<li>Bad\n<ul>\n<li>Badewanne mit Dusche<\/li>\n<li>WC<\/li>\n<li>F\u00f6hn<\/li>\n<\/ul>\n<\/li>\n<\/ul>\n<h3>Preise<\/h3>\n<p>Folgende Leistungen sind bei uns kostenlos:<\/p>\n<p>&#8211; inkl. WLAN<br \/>\n&#8211; inkl. Stellplatz<br \/>\n&#8211; inkl. Bettzeug<br \/>\n&#8211; inkl. Handt\u00fccher<\/p>\n<p>zzgl. 1x Endreinigung *:\u00a0\u00a0\u00a0\u00a0\u00a0\u00a0\u00a0\u00a0<strong>60 \u20ac<\/strong><\/p>\n<div style=\"text-align: left; font-size: 10px;\">* Sollten Sie die Endreinigung selbst \u00fcbernehmen wollen sowie eigene Bettw\u00e4sche und Handt\u00fccher nutzen, fallen die Endreinigungs-Kosten nicht f\u00fcr Sie an.<\/div>\n<p>&nbsp;<br \/>\nUnsere Wohnungen sind f\u00fcr 2 Erwachsene ausgelegt.<br \/>\nEs besteht die M\u00f6glichkeit zus\u00e4tzliche Betten einzustellen.<br \/>\nF\u00fcr jeden weiteren \u00dcbernachtungsgast berechnen wir 20 \u20ac pro Nacht.<\/p>\n<p><strong>Hinweis<\/strong><br \/>\nDie Stadt Deidesheim erhebt seit 01.03.2023 einen<br \/>\n<strong>G\u00e4stebeitrag in H\u00f6he von 2,50 \u20ac pro Person pro \u00dcbernachtung.<\/strong><br \/>\nDer Gastgeber ist verpflichtet diesen zu kassieren und an die Stadt Deidesheim abzuf\u00fchren.<\/p>\n<p><strong>L\u00e4nger bleiben lohnt sich<\/strong><br \/>\nSparen Sie 3 &#8211; 14 % auf den jeweiligen \u00dcbernachtungspreis f\u00fcr 3 &#8211; 14 \u00dcbernachtungen!<br \/>\n<img decoding=\"async\" class src=\"https:\/\/ferienwohnungen-deidesheim.de\/wp-content\/uploads\/2023\/09\/Siegel-2023.png\"\/>\n<\/div>\n<div class=\"col-md-6\">\n<div class=\"row\">\n<div class=\"col-md-12\">\n<h3>Sichern Sie sich jetzt den besten Preis!<\/h3>\n<div id=\"booking-tool-container-apartment482712\">\n<script type=\"text\/javascript\" src=\"https:\/\/login.smoobu.com\/js\/Settings\/BookingToolIframe.js\"><\/script><br \/>\n<script>BookingToolIframe.initialize({\"url\": \"https:\/\/login.smoobu.com\/de\/booking-tool\/iframe\/134187\/482712\", \"baseUrl\": \"https:\/\/login.smoobu.com\", \"target\": \"#booking-tool-container-apartment482712\"})<\/script><\/div>\n<p><!--\n[easy_form style=\"none\" submit=\"Reservierungsanfrage erfolgreich gesendet!\" subsubmit=\"Vielen Dank f\u00fcr Ihren Auftrag. Wir melden uns in K\u00fcrze bei Ihnen, um Ihre Buchung zu best\u00e4tigen und Ihnen den genauen Aufenthaltspreis zu nennen.\" credit=\"\" subcredit=\"\" resourcename=\"Room\" resource=\"843\" pers=\"1\" ]\n--><\/p>\n<\/div>\n<\/div>\n","protected":false},"excerpt":{"rendered":"<p>cozy 1 \u00bd room apartment with balcony<br \/>\n39 m\u00b2 \/ 2-4 people<\/p>","protected":false},"author":2,"featured_media":2995,"parent":0,"menu_order":0,"comment_status":"closed","ping_status":"closed","template":"","meta":{"footnotes":""},"class_list":["post-806","page","type-page","status-publish","has-post-thumbnail","hentry"],"aioseo_notices":[],"_links":{"self":[{"href":"https:\/\/ferienwohnungen-deidesheim.de\/en\/wp-json\/wp\/v2\/pages\/806","targetHints":{"allow":["GET"]}}],"collection":[{"href":"https:\/\/ferienwohnungen-deidesheim.de\/en\/wp-json\/wp\/v2\/pages"}],"about":[{"href":"https:\/\/ferienwohnungen-deidesheim.de\/en\/wp-json\/wp\/v2\/types\/page"}],"author":[{"embeddable":true,"href":"https:\/\/ferienwohnungen-deidesheim.de\/en\/wp-json\/wp\/v2\/users\/2"}],"replies":[{"embeddable":true,"href":"https:\/\/ferienwohnungen-deidesheim.de\/en\/wp-json\/wp\/v2\/comments?post=806"}],"version-history":[{"count":66,"href":"https:\/\/ferienwohnungen-deidesheim.de\/en\/wp-json\/wp\/v2\/pages\/806\/revisions"}],"predecessor-version":[{"id":3086,"href":"https:\/\/ferienwohnungen-deidesheim.de\/en\/wp-json\/wp\/v2\/pages\/806\/revisions\/3086"}],"wp:featuredmedia":[{"embeddable":true,"href":"https:\/\/ferienwohnungen-deidesheim.de\/en\/wp-json\/wp\/v2\/media\/2995"}],"wp:attachment":[{"href":"https:\/\/ferienwohnungen-deidesheim.de\/en\/wp-json\/wp\/v2\/media?parent=806"}],"curies":[{"name":"wp","href":"https:\/\/api.w.org\/{rel}","templated":true}]}}